{"id":1213,"date":"2022-01-10T03:34:47","date_gmt":"2022-01-10T03:34:47","guid":{"rendered":"http:\/\/catalinajewelry.pt\/?page_id=1213"},"modified":"2025-03-21T18:04:54","modified_gmt":"2025-03-21T18:04:54","slug":"gifts-card","status":"publish","type":"page","link":"https:\/\/catalinajewelry.pt\/en\/gifts-card\/","title":{"rendered":"Gifts Card"},"content":{"rendered":"<div data-elementor-type=\"wp-page\" data-elementor-id=\"1213\" class=\"elementor elementor-1213\">\n\t\t\t\t\t\t<section class=\"elementor-section elementor-top-section elementor-element elementor-element-7fc5d20 elementor-section-full_width elementor-section-height-min-height elementor-section-items-bottom elementor-section-height-default\" data-id=\"7fc5d20\" data-element_type=\"section\" data-e-type=\"section\" data-settings=\"{&quot;background_background&quot;:&quot;classic&quot;}\">\r\n\t\t\t\t\t\t\t<div class=\"elementor-background-overlay\"><\/div>\r\n\t\t\t\t\t\t<div class=\"elementor-container elementor-column-gap-default jws_section_\" >\r\n\t\t\t\t<div class=\"elementor-column elementor-col-100 elementor-top-column elementor-element elementor-element-e8c6eed\" data-id=\"e8c6eed\" data-element_type=\"column\" data-e-type=\"column\">\n\t\t\t<div class=\"elementor-widget-wrap elementor-element-populated\">\n\t\t\t\t\t\t<div class=\"elementor-element elementor-element-448bc5a elementor-invisible elementor-widget elementor-widget-heading\" data-id=\"448bc5a\" data-element_type=\"widget\" data-e-type=\"widget\" data-settings=\"{&quot;_animation&quot;:&quot;fadeInLeft&quot;}\" data-widget_type=\"heading.default\">\n\t\t\t\t<div class=\"elementor-widget-container\">\n\t\t\t\t\t<h4 class=\"elementor-heading-title elementor-size-default\">The Perfect Present<\/h4>\t\t\t\t<\/div>\n\t\t\t\t<\/div>\n\t\t\t\t<div class=\"elementor-element elementor-element-a905000 elementor-invisible elementor-widget elementor-widget-heading\" data-id=\"a905000\" data-element_type=\"widget\" data-e-type=\"widget\" data-settings=\"{&quot;_animation&quot;:&quot;fadeInLeft&quot;,&quot;_animation_delay&quot;:200}\" data-widget_type=\"heading.default\">\n\t\t\t\t<div class=\"elementor-widget-container\">\n\t\t\t\t\t<h1 class=\"elementor-heading-title elementor-size-default\">Gift Card<\/h1>\t\t\t\t<\/div>\n\t\t\t\t<\/div>\n\t\t\t\t<div class=\"elementor-element elementor-element-9997cce elementor-widget__width-initial elementor-invisible elementor-widget elementor-widget-text-editor\" data-id=\"9997cce\" data-element_type=\"widget\" data-e-type=\"widget\" data-settings=\"{&quot;_animation&quot;:&quot;fadeInLeft&quot;,&quot;_animation_delay&quot;:400}\" data-widget_type=\"text-editor.default\">\n\t\t\t\t<div class=\"elementor-widget-container\">\n\t\t\t\t\t\t\t\t\t<p>Don't know what jewelry to offer?<\/p><p>Select the value of the Gift Card and let the person you are giving it to choose their own gift!<\/p>\t\t\t\t\t\t\t\t<\/div>\n\t\t\t\t<\/div>\n\t\t\t\t<div class=\"elementor-element elementor-element-55cd7de elementor-widget elementor-widget-spacer\" data-id=\"55cd7de\" data-element_type=\"widget\" data-e-type=\"widget\" data-widget_type=\"spacer.default\">\n\t\t\t\t<div class=\"elementor-widget-container\">\n\t\t\t\t\t\t\t<div class=\"elementor-spacer\">\n\t\t\t<div class=\"elementor-spacer-inner\"><\/div>\n\t\t<\/div>\n\t\t\t\t\t\t<\/div>\n\t\t\t\t<\/div>\n\t\t\t\t<div class=\"elementor-element elementor-element-45fe342 elementor-invisible elementor-widget elementor-widget-button\" data-id=\"45fe342\" data-element_type=\"widget\" data-e-type=\"widget\" data-settings=\"{&quot;_animation&quot;:&quot;fadeInLeft&quot;}\" data-widget_type=\"button.default\">\n\t\t\t\t<div class=\"elementor-widget-container\">\n\t\t\t\t\t\t\t\t\t<div class=\"elementor-button-wrapper\">\n\t\t\t\t\t<a class=\"elementor-button elementor-button-link elementor-size-sm\" href=\"https:\/\/catalinajewelry.pt\/en\/gift-card-2\/\">\n\t\t\t\t\t\t<span class=\"elementor-button-content-wrapper\">\n\t\t\t\t\t\t\t\t\t<span class=\"elementor-button-text\">Click here<\/span>\n\t\t\t\t\t<\/span>\n\t\t\t\t\t<\/a>\n\t\t\t\t<\/div>\n\t\t\t\t\t\t\t\t<\/div>\n\t\t\t\t<\/div>\n\t\t\t\t\t<\/div>\n\t\t<\/div>\n\t\t\t\t      \r\n            \r\n              \r\n            \r\n            \t\r\n\t\t\t<\/div>\r\n\t\t<\/section>\r\n\t\t\t\t<section class=\"elementor-section elementor-top-section elementor-element elementor-element-8eab615 elementor-section-boxed elementor-section-height-default elementor-section-height-default\" data-id=\"8eab615\" data-element_type=\"section\" data-e-type=\"section\">\r\n\t\t\t\t\t\t<div class=\"elementor-container elementor-column-gap-default jws_section_\" >\r\n\t\t\t\t<div class=\"elementor-column elementor-col-33 elementor-top-column elementor-element elementor-element-2c5ecd6\" data-id=\"2c5ecd6\" data-element_type=\"column\" data-e-type=\"column\">\n\t\t\t<div class=\"elementor-widget-wrap elementor-element-populated\">\n\t\t\t\t\t\t<div class=\"elementor-element elementor-element-a32557a elementor-invisible elementor-widget elementor-widget-image\" data-id=\"a32557a\" data-element_type=\"widget\" data-e-type=\"widget\" data-settings=\"{&quot;_animation&quot;:&quot;fadeInLeft&quot;}\" data-widget_type=\"image.default\">\n\t\t\t\t<div class=\"elementor-widget-container\">\n\t\t\t\t\t\t\t\t\t\t\t\t\t\t\t<img decoding=\"async\" src=\"https:\/\/catalinajewelry.pt\/wp-content\/uploads\/elementor\/thumbs\/AirBrush_20250128213358-r2w9d9whu00i9baycd8bz3mo9g1vc7lel4xed85u5k.webp\" title=\"20250128213358\" alt=\"20250128213358\" loading=\"lazy\" \/>\t\t\t\t\t\t\t\t\t\t\t\t\t\t\t<\/div>\n\t\t\t\t<\/div>\n\t\t\t\t<div class=\"elementor-element elementor-element-c23050d elementor-hidden-mobile elementor-hidden-desktop elementor-hidden-tablet elementor-invisible elementor-widget elementor-widget-image\" data-id=\"c23050d\" data-element_type=\"widget\" data-e-type=\"widget\" data-settings=\"{&quot;_animation&quot;:&quot;fadeInLeft&quot;}\" data-widget_type=\"image.default\">\n\t\t\t\t<div class=\"elementor-widget-container\">\n\t\t\t\t\t\t\t\t\t\t\t\t\t\t\t<img decoding=\"async\" width=\"232\" height=\"125\" src=\"https:\/\/catalinajewelry.pt\/wp-content\/uploads\/2022\/03\/Rectangle-5020.png\" class=\"attachment-full size-full wp-image-7854\" alt=\"\" \/>\t\t\t\t\t\t\t\t\t\t\t\t\t\t\t<\/div>\n\t\t\t\t<\/div>\n\t\t\t\t\t<\/div>\n\t\t<\/div>\n\t\t\t\t<div class=\"elementor-column elementor-col-33 elementor-top-column elementor-element elementor-element-179fd56\" data-id=\"179fd56\" data-element_type=\"column\" data-e-type=\"column\">\n\t\t\t<div class=\"elementor-widget-wrap elementor-element-populated\">\n\t\t\t\t\t\t<div class=\"elementor-element elementor-element-f7aba17 elementor-widget elementor-widget-heading\" data-id=\"f7aba17\" data-element_type=\"widget\" data-e-type=\"widget\" data-widget_type=\"heading.default\">\n\t\t\t\t<div class=\"elementor-widget-container\">\n\t\t\t\t\t<h2 class=\"elementor-heading-title elementor-size-default\">Personalize<\/h2>\t\t\t\t<\/div>\n\t\t\t\t<\/div>\n\t\t\t\t<div class=\"elementor-element elementor-element-d88cbdf elementor-widget__width-initial elementor-widget elementor-widget-text-editor\" data-id=\"d88cbdf\" data-element_type=\"widget\" data-e-type=\"widget\" data-widget_type=\"text-editor.default\">\n\t\t\t\t<div class=\"elementor-widget-container\">\n\t\t\t\t\t\t\t\t\t<p>Would you like to offer a personalized piece of jewelry?<\/p>\t\t\t\t\t\t\t\t<\/div>\n\t\t\t\t<\/div>\n\t\t\t\t<div class=\"elementor-element elementor-element-1e5518f elementor-widget elementor-widget-bloompixel-gradient-button\" data-id=\"1e5518f\" data-element_type=\"widget\" data-e-type=\"widget\" data-widget_type=\"bloompixel-gradient-button.default\">\n\t\t\t\t<div class=\"elementor-widget-container\">\n\t\t\t\t\t\t\t<div class=\"elementor-button-wrapper button-defautl\">\r\n\t\t\t<a href=\"https:\/\/catalinajewelry.pt\/en\/contact-us-2\/\" class=\"elementor-button-link elementor-button btn-main classic elementor-size-sm\" role=\"button\">\r\n\t\t\t\t\t\t<span class=\"elementor-button-content-wrapper\">\r\n\t\t\t\t\t\t<span class=\"elementor-button-icon elementor-align-icon-right\">\r\n\t\t\t\t<i aria-hidden=\"true\" class=\"jws-icon-arrow-right-thin\"><\/i>  \r\n\t\t\t<\/span>\r\n\t\t\t\t\t\t<span class=\"elementor-button-text\">Find out more here<\/span>\r\n\t\t<\/span>\r\n\t\t\t\t\t<\/a>\r\n\t\t<\/div>\r\n\t\t\t\t\t\t<\/div>\n\t\t\t\t<\/div>\n\t\t\t\t<div class=\"elementor-element elementor-element-1568be4 elementor-invisible elementor-widget elementor-widget-image\" data-id=\"1568be4\" data-element_type=\"widget\" data-e-type=\"widget\" data-settings=\"{&quot;_animation&quot;:&quot;fadeInUp&quot;}\" data-widget_type=\"image.default\">\n\t\t\t\t<div class=\"elementor-widget-container\">\n\t\t\t\t\t\t\t\t\t\t\t\t\t\t\t<img fetchpriority=\"high\" decoding=\"async\" width=\"1707\" height=\"2560\" src=\"https:\/\/catalinajewelry.pt\/wp-content\/uploads\/2025\/03\/MG_0997-1-scaled.jpg\" class=\"attachment-full size-full wp-image-19424\" alt=\"\" srcset=\"https:\/\/catalinajewelry.pt\/wp-content\/uploads\/2025\/03\/MG_0997-1-scaled.jpg 1707w, https:\/\/catalinajewelry.pt\/wp-content\/uploads\/2025\/03\/MG_0997-1-200x300.jpg 200w, https:\/\/catalinajewelry.pt\/wp-content\/uploads\/2025\/03\/MG_0997-1-683x1024.jpg 683w, https:\/\/catalinajewelry.pt\/wp-content\/uploads\/2025\/03\/MG_0997-1-768x1152.jpg 768w, https:\/\/catalinajewelry.pt\/wp-content\/uploads\/2025\/03\/MG_0997-1-1024x1536.jpg 1024w, https:\/\/catalinajewelry.pt\/wp-content\/uploads\/2025\/03\/MG_0997-1-1365x2048.jpg 1365w, https:\/\/catalinajewelry.pt\/wp-content\/uploads\/2025\/03\/MG_0997-1-8x12.jpg 8w, https:\/\/catalinajewelry.pt\/wp-content\/uploads\/2025\/03\/MG_0997-1-1568x2352.jpg 1568w\" sizes=\"(max-width: 1707px) 100vw, 1707px\" \/>\t\t\t\t\t\t\t\t\t\t\t\t\t\t\t<\/div>\n\t\t\t\t<\/div>\n\t\t\t\t\t<\/div>\n\t\t<\/div>\n\t\t\t\t<div class=\"elementor-column elementor-col-33 elementor-top-column elementor-element elementor-element-1f94fc4\" data-id=\"1f94fc4\" data-element_type=\"column\" data-e-type=\"column\">\n\t\t\t<div class=\"elementor-widget-wrap elementor-element-populated\">\n\t\t\t\t\t\t<div class=\"elementor-element elementor-element-0255678 elementor-hidden-desktop elementor-hidden-tablet elementor-hidden-mobile elementor-invisible elementor-widget elementor-widget-image\" data-id=\"0255678\" data-element_type=\"widget\" data-e-type=\"widget\" data-settings=\"{&quot;_animation&quot;:&quot;fadeInRight&quot;}\" data-widget_type=\"image.default\">\n\t\t\t\t<div class=\"elementor-widget-container\">\n\t\t\t\t\t\t\t\t\t\t\t\t\t\t\t<img decoding=\"async\" width=\"2078\" height=\"2560\" src=\"https:\/\/catalinajewelry.pt\/wp-content\/uploads\/2025\/01\/MUDANCA-DE-TAMANHO-07-1-01-01-scaled.jpeg\" class=\"attachment-full size-full wp-image-17580\" alt=\"\" srcset=\"https:\/\/catalinajewelry.pt\/wp-content\/uploads\/2025\/01\/MUDANCA-DE-TAMANHO-07-1-01-01-scaled.jpeg 2078w, https:\/\/catalinajewelry.pt\/wp-content\/uploads\/2025\/01\/MUDANCA-DE-TAMANHO-07-1-01-01-243x300.jpeg 243w, https:\/\/catalinajewelry.pt\/wp-content\/uploads\/2025\/01\/MUDANCA-DE-TAMANHO-07-1-01-01-831x1024.jpeg 831w, https:\/\/catalinajewelry.pt\/wp-content\/uploads\/2025\/01\/MUDANCA-DE-TAMANHO-07-1-01-01-768x946.jpeg 768w, https:\/\/catalinajewelry.pt\/wp-content\/uploads\/2025\/01\/MUDANCA-DE-TAMANHO-07-1-01-01-1247x1536.jpeg 1247w, https:\/\/catalinajewelry.pt\/wp-content\/uploads\/2025\/01\/MUDANCA-DE-TAMANHO-07-1-01-01-1662x2048.jpeg 1662w, https:\/\/catalinajewelry.pt\/wp-content\/uploads\/2025\/01\/MUDANCA-DE-TAMANHO-07-1-01-01-1568x1932.jpeg 1568w, https:\/\/catalinajewelry.pt\/wp-content\/uploads\/2025\/01\/MUDANCA-DE-TAMANHO-07-1-01-01-1024x1262.jpeg 1024w\" sizes=\"(max-width: 2078px) 100vw, 2078px\" \/>\t\t\t\t\t\t\t\t\t\t\t\t\t\t\t<\/div>\n\t\t\t\t<\/div>\n\t\t\t\t<div class=\"elementor-element elementor-element-79845b6 elementor-hidden-mobile elementor-invisible elementor-widget elementor-widget-image\" data-id=\"79845b6\" data-element_type=\"widget\" data-e-type=\"widget\" data-settings=\"{&quot;_animation&quot;:&quot;fadeInRight&quot;,&quot;_animation_delay&quot;:200}\" data-widget_type=\"image.default\">\n\t\t\t\t<div class=\"elementor-widget-container\">\n\t\t\t\t\t\t\t\t\t\t\t\t\t\t\t<img loading=\"lazy\" decoding=\"async\" width=\"1620\" height=\"2160\" src=\"https:\/\/catalinajewelry.pt\/wp-content\/uploads\/2025\/01\/AirBrush_20250131105848.jpg\" class=\"attachment-full size-full wp-image-17752\" alt=\"\" srcset=\"https:\/\/catalinajewelry.pt\/wp-content\/uploads\/2025\/01\/AirBrush_20250131105848.jpg 1620w, https:\/\/catalinajewelry.pt\/wp-content\/uploads\/2025\/01\/AirBrush_20250131105848-225x300.jpg 225w, https:\/\/catalinajewelry.pt\/wp-content\/uploads\/2025\/01\/AirBrush_20250131105848-768x1024.jpg 768w, https:\/\/catalinajewelry.pt\/wp-content\/uploads\/2025\/01\/AirBrush_20250131105848-1152x1536.jpg 1152w, https:\/\/catalinajewelry.pt\/wp-content\/uploads\/2025\/01\/AirBrush_20250131105848-1536x2048.jpg 1536w, https:\/\/catalinajewelry.pt\/wp-content\/uploads\/2025\/01\/AirBrush_20250131105848-1568x2091.jpg 1568w, https:\/\/catalinajewelry.pt\/wp-content\/uploads\/2025\/01\/AirBrush_20250131105848-1024x1365.jpg 1024w\" sizes=\"(max-width: 1620px) 100vw, 1620px\" \/>\t\t\t\t\t\t\t\t\t\t\t\t\t\t\t<\/div>\n\t\t\t\t<\/div>\n\t\t\t\t\t<\/div>\n\t\t<\/div>\n\t\t\t\t      \r\n            \r\n              \r\n            \r\n            \t\r\n\t\t\t<\/div>\r\n\t\t<\/section>\r\n\t\t\t\t<section class=\"elementor-section elementor-top-section elementor-element elementor-element-05f66ec elementor-section-height-min-height elementor-section-items-bottom elementor-section-boxed elementor-section-height-default\" data-id=\"05f66ec\" data-element_type=\"section\" data-e-type=\"section\" data-settings=\"{&quot;background_background&quot;:&quot;classic&quot;}\">\r\n\t\t\t\t\t\t<div class=\"elementor-container elementor-column-gap-default jws_section_\" >\r\n\t\t\t\t<div class=\"elementor-column elementor-col-100 elementor-top-column elementor-element elementor-element-fa1d73c\" data-id=\"fa1d73c\" data-element_type=\"column\" data-e-type=\"column\">\n\t\t\t<div class=\"elementor-widget-wrap elementor-element-populated\">\n\t\t\t\t\t\t<div class=\"elementor-element elementor-element-34030f9 elementor-invisible elementor-widget elementor-widget-heading\" data-id=\"34030f9\" data-element_type=\"widget\" data-e-type=\"widget\" data-settings=\"{&quot;_animation&quot;:&quot;fadeInLeft&quot;}\" data-widget_type=\"heading.default\">\n\t\t\t\t<div class=\"elementor-widget-container\">\n\t\t\t\t\t<h4 class=\"elementor-heading-title elementor-size-default\">GIFT CARD BALANCE<\/h4>\t\t\t\t<\/div>\n\t\t\t\t<\/div>\n\t\t\t\t<div class=\"elementor-element elementor-element-61502de elementor-invisible elementor-widget elementor-widget-text-editor\" data-id=\"61502de\" data-element_type=\"widget\" data-e-type=\"widget\" data-settings=\"{&quot;_animation&quot;:&quot;fadeInLeft&quot;}\" data-widget_type=\"text-editor.default\">\n\t\t\t\t<div class=\"elementor-widget-container\">\n\t\t\t\t\t\t\t\t\t<p>Do you want to know how much value you have left on your Gift Card?<\/p>\t\t\t\t\t\t\t\t<\/div>\n\t\t\t\t<\/div>\n\t\t\t\t<div class=\"elementor-element elementor-element-a620e1f elementor-invisible elementor-widget elementor-widget-button\" data-id=\"a620e1f\" data-element_type=\"widget\" data-e-type=\"widget\" data-settings=\"{&quot;_animation&quot;:&quot;fadeInLeft&quot;}\" data-widget_type=\"button.default\">\n\t\t\t\t<div class=\"elementor-widget-container\">\n\t\t\t\t\t\t\t\t\t<div class=\"elementor-button-wrapper\">\n\t\t\t\t\t<a class=\"elementor-button elementor-button-link elementor-size-sm\" href=\"https:\/\/catalinajewelry.pt\/en\/gift-card-balance\/\">\n\t\t\t\t\t\t<span class=\"elementor-button-content-wrapper\">\n\t\t\t\t\t\t\t\t\t<span class=\"elementor-button-text\">Click here<\/span>\n\t\t\t\t\t<\/span>\n\t\t\t\t\t<\/a>\n\t\t\t\t<\/div>\n\t\t\t\t\t\t\t\t<\/div>\n\t\t\t\t<\/div>\n\t\t\t\t\t<\/div>\n\t\t<\/div>\n\t\t\t\t      \r\n            \r\n              \r\n            \r\n            \t\r\n\t\t\t<\/div>\r\n\t\t<\/section>\r\n\t\t\t\t<section class=\"elementor-section elementor-top-section elementor-element elementor-element-f991db2 elementor-section-boxed elementor-section-height-default elementor-section-height-default\" data-id=\"f991db2\" data-element_type=\"section\" data-e-type=\"section\">\r\n\t\t\t\t\t\t<div class=\"elementor-container elementor-column-gap-default jws_section_\" >\r\n\t\t\t\t<div class=\"elementor-column elementor-col-100 elementor-top-column elementor-element elementor-element-4098225\" data-id=\"4098225\" data-element_type=\"column\" data-e-type=\"column\">\n\t\t\t<div class=\"elementor-widget-wrap elementor-element-populated\">\n\t\t\t\t\t\t<div class=\"elementor-element elementor-element-7f89fb8 elementor-widget elementor-widget-heading\" data-id=\"7f89fb8\" data-element_type=\"widget\" data-e-type=\"widget\" data-widget_type=\"heading.default\">\n\t\t\t\t<div class=\"elementor-widget-container\">\n\t\t\t\t\t<h3 class=\"elementor-heading-title elementor-size-default\">CATALINA GIFT CARD<\/h3>\t\t\t\t<\/div>\n\t\t\t\t<\/div>\n\t\t\t\t<div class=\"elementor-element elementor-element-c1762bf elementor-widget elementor-widget-jws-product-advanced\" data-id=\"c1762bf\" data-element_type=\"widget\" data-e-type=\"widget\" data-widget_type=\"jws-product-advanced.default\">\n\t\t\t\t<div class=\"elementor-widget-container\">\n\t\t\t\t\t<div class=\"woocommerce products-wrap append-class jws-wrap grid\" \r\n    data-args='{\"asset_type\":\"all\",\"ex_product_ids\":\"\",\"inc_product_ids\":\"\",\"orderby\":\"date\",\"order\":\"desc\",\"posts_per_page\":4,\"filter_categories\":\"gift-card\",\"display\":\"layout3\",\"layout\":\"grid\",\"columns\":\"4\",\"columns_tablet\":\"4\",\"columns_mobile\":\"4\",\"enble_muntirow\":null}'\r\n    data-paged=\"1\"\r\n    data-slider = ''\r\n    data-url=\"https:\/\/catalinajewelry.pt\/wp-admin\/admin-ajax.php\">\r\n    \r\n\r\n    \r\n                \r\n<div class=\"products-tab grid-layout row layout3\">\r\n    \r\n                 <div class=\"product-item product col-xl-4 col-lg-4 col-4\">\r\n                      <div class=\"product-item-inner grid\">\r\n    <div class=\"product-image\">\r\n       \r\n        <a href=\"https:\/\/catalinajewelry.pt\/en\/product\/gift-card-2\/\" class=\"woocommerce-LoopProduct-link woocommerce-loop-product__link\"><img loading=\"lazy\" decoding=\"async\" width=\"500\" height=\"500\" src=\"https:\/\/catalinajewelry.pt\/wp-content\/uploads\/2025\/03\/Design-sem-nome-58-500x500.webp\" class=\"attachment-woocommerce_thumbnail size-woocommerce_thumbnail\" alt=\"GIFT CARD\" srcset=\"https:\/\/catalinajewelry.pt\/wp-content\/uploads\/2025\/03\/Design-sem-nome-58-500x500.webp 500w, https:\/\/catalinajewelry.pt\/wp-content\/uploads\/2025\/03\/Design-sem-nome-58-150x150.webp 150w, https:\/\/catalinajewelry.pt\/wp-content\/uploads\/2025\/03\/Design-sem-nome-58-70x70.webp 70w, https:\/\/catalinajewelry.pt\/wp-content\/uploads\/2025\/03\/Design-sem-nome-58-100x100.webp 100w\" sizes=\"(max-width: 500px) 100vw, 500px\" \/><\/a>            <div class=\"buttton-inner buttton-inner_vertical\">\r\n                            <ul class=\"ct_ul_ol\">\n                                    <li class=\"btn-wishlist\"><a href=\"https:\/\/catalinajewelry.pt\/en\/wishlist\/\" class=\"jws-wishlist-btn\" data-id=\"17773\">\r\n            <i class=\"jws-icon-heart-straight-light\"><\/i>\r\n            <span class=\"notadd\">Add to wishlist<\/span>\r\n            <span class=\"added\">Browse Wishlist<\/span>\r\n        <\/a><\/li>\n                                    <li class=\"btn-quickview\">\n                <a data-product_id=\"17773\" class=\"quickview-button\"> <i class=\"jws-icon-eye-thin\"><\/i><span>Quick view<\/span><\/a>\n            <\/li>\n                    <\/ul>\n                <\/div>\r\n                      \r\n    <\/div>\r\n    <div class=\"product-content\">\r\n    \t<div class=\"woocommerce-loop-product__title\"><a href=\"https:\/\/catalinajewelry.pt\/en\/product\/gift-card-2\/\">GIFT CARD<\/a><\/div>  <span class=\"price-item\">\r\n    <span class=\"price\">\r\n        <ins><span class=\"woocommerce-Price-amount amount\"><span class=\"woocommerce-Price-amount amount\"><span class=\"woocommerce-Price-currencySymbol\">&euro;<\/span>40.00<\/span>-<span class=\"woocommerce-Price-amount amount\"><span class=\"woocommerce-Price-currencySymbol\">&euro;<\/span>200.00<\/span><\/span><\/ins>    <\/span>\r\n  <\/span>     \r\n        <div class=\"product-buy layout2\">\r\n            <a rel=\"nofollow\" href=\"https:\/\/catalinajewelry.pt\/en\/product\/gift-card-2\/\" class=\"button wps_gc_button\">VIEW CARD<\/a>        <\/div>\r\n            <\/div>\r\n  <\/div>               <\/div>\r\n             \r\n<\/div>\r\n\r\n\r\n\r\n\r\n\r\n<\/div>\t\t\t\t<\/div>\n\t\t\t\t<\/div>\n\t\t\t\t\t<\/div>\n\t\t<\/div>\n\t\t\t\t      \r\n            \r\n              \r\n            \r\n            \t\r\n\t\t\t<\/div>\r\n\t\t<\/section>\r\n\t\t\t\t<\/div>","protected":false},"excerpt":{"rendered":"<p>O Presente Perfeito Gift Card N\u00e3o sabe que joia oferecer? Selecione o valor do Gift Card e deixe a pessoa a quem vai oferecer escolher o seu pr\u00f3prio presente! Clique aqui Personalizar Gostava de oferecer uma joia personalizada? Descobra mais aqui BALAN\u00c7O GIFT CARD Quer saber qual \u00e9 o valor que ainda tem no seu [&hellip;]<\/p>\n","protected":false},"author":1,"featured_media":0,"parent":0,"menu_order":0,"comment_status":"closed","ping_status":"closed","template":"","meta":{"om_disable_all_campaigns":false,"_monsterinsights_skip_tracking":false,"_monsterinsights_sitenote_active":false,"_monsterinsights_sitenote_note":"","_monsterinsights_sitenote_category":0,"_uf_show_specific_survey":0,"_uf_disable_surveys":false,"footnotes":""},"class_list":["post-1213","page","type-page","status-publish","hentry"],"aioseo_notices":[],"_links":{"self":[{"href":"https:\/\/catalinajewelry.pt\/en\/wp-json\/wp\/v2\/pages\/1213","targetHints":{"allow":["GET"]}}],"collection":[{"href":"https:\/\/catalinajewelry.pt\/en\/wp-json\/wp\/v2\/pages"}],"about":[{"href":"https:\/\/catalinajewelry.pt\/en\/wp-json\/wp\/v2\/types\/page"}],"author":[{"embeddable":true,"href":"https:\/\/catalinajewelry.pt\/en\/wp-json\/wp\/v2\/users\/1"}],"replies":[{"embeddable":true,"href":"https:\/\/catalinajewelry.pt\/en\/wp-json\/wp\/v2\/comments?post=1213"}],"version-history":[{"count":54,"href":"https:\/\/catalinajewelry.pt\/en\/wp-json\/wp\/v2\/pages\/1213\/revisions"}],"predecessor-version":[{"id":19434,"href":"https:\/\/catalinajewelry.pt\/en\/wp-json\/wp\/v2\/pages\/1213\/revisions\/19434"}],"wp:attachment":[{"href":"https:\/\/catalinajewelry.pt\/en\/wp-json\/wp\/v2\/media?parent=1213"}],"curies":[{"name":"wp","href":"https:\/\/api.w.org\/{rel}","templated":true}]}}