{"id":17846,"date":"2025-02-02T11:46:10","date_gmt":"2025-02-02T11:46:10","guid":{"rendered":"https:\/\/catalinajewelry.pt\/?page_id=17846"},"modified":"2025-03-04T12:59:37","modified_gmt":"2025-03-04T12:59:37","slug":"certification","status":"publish","type":"page","link":"https:\/\/catalinajewelry.pt\/en\/certification\/","title":{"rendered":"Certification"},"content":{"rendered":"<div data-elementor-type=\"wp-page\" data-elementor-id=\"17846\" class=\"elementor elementor-17846\">\n\t\t\t\t\t\t<section class=\"elementor-section elementor-top-section elementor-element elementor-element-6195600 elementor-section-boxed elementor-section-height-default elementor-section-height-default\" data-id=\"6195600\" data-element_type=\"section\">\r\n\t\t\t\t\t\t<div class=\"elementor-container elementor-column-gap-default jws_section_\" >\r\n\t\t\t\t<div class=\"elementor-column elementor-col-100 elementor-top-column elementor-element elementor-element-f55ef12\" data-id=\"f55ef12\" data-element_type=\"column\">\n\t\t\t<div class=\"elementor-widget-wrap elementor-element-populated\">\n\t\t\t\t\t\t<div class=\"elementor-element elementor-element-339d3e1 elementor-widget elementor-widget-text-editor\" data-id=\"339d3e1\" data-element_type=\"widget\" data-widget_type=\"text-editor.default\">\n\t\t\t\t<div class=\"elementor-widget-container\">\n\t\t\t\t\t\t\t\t\t<p><strong>Certification<\/strong><\/p><p>\u00a0<\/p><p><span data-contrast=\"none\">The silver used in Catalina jewelry is 925 (in 1000 units, 925 is pure silver). All jewelry meets the quality criteria and is all certified by the INCM.<\/span><span data-ccp-props=\"{&quot;134233117&quot;:false,&quot;134233118&quot;:false,&quot;335559738&quot;:0,&quot;335559739&quot;:240}\">\u00a0<\/span><\/p><p><span data-contrast=\"none\">INCM provide this guarantee when our jewelry is taken to the Casa da Moeda to be verifying the legal punch, where the legal punch is applied next to our responsibility\/manufacturer mark.\u00a0<\/span><span data-ccp-props=\"{&quot;134233117&quot;:false,&quot;134233118&quot;:false,&quot;335559738&quot;:0,&quot;335559739&quot;:240}\">\u00a0<\/span><span data-ccp-props=\"{&quot;134233117&quot;:false,&quot;134233118&quot;:false,&quot;335559738&quot;:0,&quot;335559739&quot;:240}\">\u00a0<\/span><\/p><p><span data-contrast=\"none\">The application of the INCM mark is only mandatory on silver pieces weighing more than 2 grams. When the weight of the piece is less than 2 grams (0,5grams on gold), simply add the manufacturer\u2019s mark.<\/span><span data-ccp-props=\"{&quot;134233117&quot;:false,&quot;134233118&quot;:false,&quot;335559738&quot;:0,&quot;335559739&quot;:240}\">\u00a0<\/span><\/p><p>In gold, it is only mandatory on gold pieces weighing more than 0.5 grams.<\/p><p><span data-contrast=\"none\">Check <\/span><a href=\"https:\/\/www.contrastaria.pt\/marcas-de-portugal\/\"><span data-contrast=\"none\">here<\/span><\/a> <span data-contrast=\"none\">the legal marks of INCM.<\/span>\u00a0<br \/><span data-contrast=\"none\">In case of doubt about the authenticity of the brands, the customer can contact the contrasting services for verification purposes.<\/span>\u00a0<\/p><p><span class=\"TextRun SCXW191811517 BCX0\" lang=\"PT-PT\" xml:lang=\"PT-PT\" data-contrast=\"none\"><span class=\"NormalTextRun SCXW191811517 BCX0\">Customers can check silver and gold prices <\/span><\/span><a class=\"Hyperlink SCXW191811517 BCX0\" href=\"https:\/\/www.bportugal.pt\/page\/conversor-de-moeda\" target=\"_blank\" rel=\"noreferrer noopener\"><span class=\"TextRun SCXW191811517 BCX0\" lang=\"PT-PT\" xml:lang=\"PT-PT\" data-contrast=\"none\"><span class=\"NormalTextRun SCXW191811517 BCX0\" data-ccp-charstyle=\"Hyperlink\">here<\/span><\/span><\/a><span class=\"TextRun SCXW191811517 BCX0\" lang=\"PT-PT\" xml:lang=\"PT-PT\" data-contrast=\"none\"><span class=\"NormalTextRun SCXW191811517 BCX0\">.<\/span><\/span><\/p>\t\t\t\t\t\t\t\t<\/div>\n\t\t\t\t<\/div>\n\t\t\t\t\t<\/div>\n\t\t<\/div>\n\t\t\t\t      \r\n            \r\n              \r\n            \r\n            \t\r\n\t\t\t<\/div>\r\n\t\t<\/section>\r\n\t\t\t\t<\/div>","protected":false},"excerpt":{"rendered":"<p>Certifica\u00e7\u00e3o \u00a0 A prata usada nas joias Catalina \u00e9 a 925 (em 1000 unidades, 925 \u00e9 prata pura). Todas as joias cumprem os crit\u00e9rios de qualidade e s\u00e3o todas certificadas pela contrastaria da INCM.\u00a0 As Contrastarias da INCM fornecem essa garantia quando as nossas joias s\u00e3o levadas para a Casa da Moeda para serem contrastadas, [&hellip;]<\/p>\n","protected":false},"author":1,"featured_media":0,"parent":0,"menu_order":0,"comment_status":"closed","ping_status":"closed","template":"","meta":{"om_disable_all_campaigns":false,"_monsterinsights_skip_tracking":false,"_monsterinsights_sitenote_active":false,"_monsterinsights_sitenote_note":"","_monsterinsights_sitenote_category":0,"_uf_show_specific_survey":0,"_uf_disable_surveys":false,"footnotes":""},"class_list":["post-17846","page","type-page","status-publish","hentry"],"aioseo_notices":[],"_links":{"self":[{"href":"https:\/\/catalinajewelry.pt\/en\/wp-json\/wp\/v2\/pages\/17846","targetHints":{"allow":["GET"]}}],"collection":[{"href":"https:\/\/catalinajewelry.pt\/en\/wp-json\/wp\/v2\/pages"}],"about":[{"href":"https:\/\/catalinajewelry.pt\/en\/wp-json\/wp\/v2\/types\/page"}],"author":[{"embeddable":true,"href":"https:\/\/catalinajewelry.pt\/en\/wp-json\/wp\/v2\/users\/1"}],"replies":[{"embeddable":true,"href":"https:\/\/catalinajewelry.pt\/en\/wp-json\/wp\/v2\/comments?post=17846"}],"version-history":[{"count":21,"href":"https:\/\/catalinajewelry.pt\/en\/wp-json\/wp\/v2\/pages\/17846\/revisions"}],"predecessor-version":[{"id":18180,"href":"https:\/\/catalinajewelry.pt\/en\/wp-json\/wp\/v2\/pages\/17846\/revisions\/18180"}],"wp:attachment":[{"href":"https:\/\/catalinajewelry.pt\/en\/wp-json\/wp\/v2\/media?parent=17846"}],"curies":[{"name":"wp","href":"https:\/\/api.w.org\/{rel}","templated":true}]}}