{"id":17919,"date":"2025-02-24T13:33:07","date_gmt":"2025-02-24T13:33:07","guid":{"rendered":"https:\/\/catalinajewelry.pt\/?page_id=17919"},"modified":"2025-03-23T11:17:05","modified_gmt":"2025-03-23T11:17:05","slug":"privacy-policy-2","status":"publish","type":"page","link":"https:\/\/catalinajewelry.pt\/en\/privacy-policy-2\/","title":{"rendered":"Privacy Policy"},"content":{"rendered":"<div data-elementor-type=\"wp-page\" data-elementor-id=\"17919\" class=\"elementor elementor-17919\">\n\t\t\t\t\t\t<section class=\"elementor-section elementor-top-section elementor-element elementor-element-8e899e7 elementor-section-boxed elementor-section-height-default elementor-section-height-default\" data-id=\"8e899e7\" data-element_type=\"section\" data-e-type=\"section\">\r\n\t\t\t\t\t\t<div class=\"elementor-container elementor-column-gap-default jws_section_\" >\r\n\t\t\t\t<div class=\"elementor-column elementor-col-100 elementor-top-column elementor-element elementor-element-62272a0\" data-id=\"62272a0\" data-element_type=\"column\" data-e-type=\"column\">\n\t\t\t<div class=\"elementor-widget-wrap elementor-element-populated\">\n\t\t\t\t\t\t<div class=\"elementor-element elementor-element-e875b36 elementor-widget elementor-widget-text-editor\" data-id=\"e875b36\" data-element_type=\"widget\" data-e-type=\"widget\" data-widget_type=\"text-editor.default\">\n\t\t\t\t<div class=\"elementor-widget-container\">\n\t\t\t\t\t\t\t\t\t<p>User privacy is very important to us, so we respect and defend the confidentiality of personal data, information and the privacy of our customers\/users.<\/p><p>This Privacy Policy sets out how your personal information is collected, used and shared when you visit or make a purchase from our website.<\/p><p>By using our website, the user acknowledges, understands and accepts our Privacy Policy. <br \/>In this Policy, \u201cwe\u201d, \u201cus\u201d and \u201cour\u201d mean the Catalina.<\/p><p>What information do we collect?<\/p><p><span data-contrast=\"none\">When you register on the Catalina website or place an order, Catalina collects personal information that you provide, such as your name, mobile phone number, address, email address, tax identification number, and bank account number. Catalina also collects anonymous demographic information, order history, or other relevant information that helps us improve our products and services. <\/span>\u00a0<br \/><span data-contrast=\"none\">Catalina isn`t responsible for any personal information that you choose to send or post on Catalina\u2019s social media pages that may be read, saved, or used by others who visit those social media pages. <\/span>\u00a0<\/p><p>What we do with the information we collect<\/p><p><span data-contrast=\"none\">In most cases, Catalina will use the information collected with the user\u2019s consent for the following purposes:<\/span><span data-ccp-props=\"{&quot;134233117&quot;:false,&quot;134233118&quot;:false,&quot;335559738&quot;:0,&quot;335559739&quot;:0}\">\u00a0<\/span><\/p><p><span data-contrast=\"none\">\u2013 Execution and fulfillment of the purchase and sale contract;<\/span>\u00a0<br \/><span data-contrast=\"none\">\u2013 Improve the website and services;<\/span>\u00a0<br \/><span data-contrast=\"none\">\u2013 Manage the user\u2019s account created on our website;<\/span>\u00a0<br \/><span data-contrast=\"none\">\u2013 Analysis;<\/span>\u00a0<br \/><span data-contrast=\"none\">\u2013 Personalize the user\u2019s profile and experience and this will allow us to provide content\/information and product offers according to the user\u2019s interests;<\/span>\u00a0<br \/><span data-contrast=\"none\">\u2013 Process orders, including sending emails and\/or text messages to inform the user about the status of an order;<\/span>\u00a0<br \/><span data-contrast=\"none\">\u2013 Contact the user (e.g. if there is a problem with the order placed by the user);<\/span>\u00a0<br \/><span data-contrast=\"none\">\u2013 Administer competitions, promotions and surveys that may exist on our website;<\/span>\u00a0<br \/><span data-contrast=\"none\">\u2013 Process exchanges and returns of orders;<\/span>\u00a0<br \/><span data-contrast=\"none\">\u2013 Manage user queries and complaints;<\/span>\u00a0<br \/><span data-contrast=\"none\">\u2013 Detect and prevent misuse of our services;<\/span>\u00a0<br \/><span data-contrast=\"none\">\u2013 Comply with legal obligations;<\/span>\u00a0<br \/><span data-contrast=\"none\">\u2013 Email marketing (if applicable): with your permission, we may send you emails about our online store, our products, special offers and\/or other information.<\/span><\/p><p><span class=\"TextRun SCXW80939761 BCX0\" lang=\"PT-PT\" xml:lang=\"PT-PT\" data-contrast=\"none\"><span class=\"NormalTextRun SCXW80939761 BCX0\">Consent<\/span><\/span><span class=\"LineBreakBlob BlobObject DragDrop SCXW80939761 BCX0\"><span class=\"SCXW80939761 BCX0\">\u00a0<\/span><br class=\"SCXW80939761 BCX0\" \/><\/span><span class=\"TextRun SCXW80939761 BCX0\" lang=\"PT-PT\" xml:lang=\"PT-PT\" data-contrast=\"none\"><span class=\"NormalTextRun SCXW80939761 BCX0\">When the user uses and registers on our website, places an order, makes a return or exchange, fills out a form, accepts our cookies, subscribes to the newsletter or enters any personal information on our website, <\/span><span class=\"NormalTextRun SCXW80939761 BCX0\">est\u00e1<\/span> <span class=\"NormalTextRun SCXW80939761 BCX0\">a <\/span><span class=\"NormalTextRun SCXW80939761 BCX0\">they are accepting\/consenting freely, in an informed and unequivocal manner, that their personal data may be processed and collected by Catalina for the purposes mentioned in the section \u201cWhat we do with the information we collect\u201d.<\/span><\/span><span class=\"LineBreakBlob BlobObject DragDrop SCXW80939761 BCX0\"><span class=\"SCXW80939761 BCX0\">\u00a0<\/span><br class=\"SCXW80939761 BCX0\" \/><\/span><\/p><p><span class=\"TextRun SCXW80939761 BCX0\" lang=\"PT-PT\" xml:lang=\"PT-PT\" data-contrast=\"none\"><span class=\"NormalTextRun SCXW80939761 BCX0\">Sharing Data with Third Parties<\/span><\/span><span class=\"LineBreakBlob BlobObject DragDrop SCXW80939761 BCX0\"><span class=\"SCXW80939761 BCX0\">\u00a0<\/span><br class=\"SCXW80939761 BCX0\" \/><\/span><span class=\"TextRun SCXW80939761 BCX0\" lang=\"PT-PT\" xml:lang=\"PT-PT\" data-contrast=\"none\"><span class=\"NormalTextRun SCXW80939761 BCX0\">Catalina doesn`t share your personally identifiable information with third parties outside of our company, except with trusted third parties and our partners for specific purposes (e.g., transportation companies, companies that perform statistical analysis, etc.). These companies are prohibited from using your personal information except to provide these services to Catalina, and are required to maintain the confidentiality of the information shared. We may share your non-personally identifiable information with other parties or companies to improve our website and marketing. <\/span><\/span><span class=\"LineBreakBlob BlobObject DragDrop SCXW80939761 BCX0\"><span class=\"SCXW80939761 BCX0\">\u00a0<\/span><br class=\"SCXW80939761 BCX0\" \/><\/span><span class=\"TextRun SCXW80939761 BCX0\" lang=\"PT-PT\" xml:lang=\"PT-PT\" data-contrast=\"none\"><span class=\"NormalTextRun SCXW80939761 BCX0\">Catalina will only disclose your personal information, without prior notice, if we are required by law to do so, if you violate our Terms and Conditions and\/or Policies and we have to resort to the appropriate authorities, or if we have to act under circumstances that require the protection and security of our company, our employees, or you\/your client.<\/span><\/span><\/p><p><span class=\"TextRun SCXW62466856 BCX0\" lang=\"PT-PT\" xml:lang=\"PT-PT\" data-contrast=\"none\"><span class=\"NormalTextRun SCXW62466856 BCX0\">Links to third party sites <\/span><\/span><span class=\"LineBreakBlob BlobObject DragDrop SCXW62466856 BCX0\"><span class=\"SCXW62466856 BCX0\">\u00a0<\/span><br class=\"SCXW62466856 BCX0\" \/><\/span><span class=\"TextRun SCXW62466856 BCX0\" lang=\"PT-PT\" xml:lang=\"PT-PT\" data-contrast=\"none\"><span class=\"NormalTextRun SCXW62466856 BCX0\">Our website may contain links to other websites, but you should be aware that we aren`t responsible for the content or privacy practices of such other websites. You should check the privacy policies of such other websites when you access them.<\/span><\/span><\/p><p><span class=\"TextRun SCXW265559840 BCX0\" lang=\"PT-PT\" xml:lang=\"PT-PT\" data-contrast=\"none\"><span class=\"NormalTextRun SCXW265559840 BCX0\">Security<\/span><\/span><span class=\"LineBreakBlob BlobObject DragDrop SCXW265559840 BCX0\"><span class=\"SCXW265559840 BCX0\">\u00a0<\/span><br class=\"SCXW265559840 BCX0\" \/><\/span><span class=\"TextRun SCXW265559840 BCX0\" lang=\"PT-PT\" xml:lang=\"PT-PT\" data-contrast=\"none\"><span class=\"NormalTextRun SCXW265559840 BCX0\">Catalina is committed to protecting the privacy of its users, and therefore implements security procedures and measures to protect the user\u2019s personal information to ensure and prevent alteration, inappropriate use, unauthorized or illegal access and loss of personal data. <\/span><\/span><span class=\"LineBreakBlob BlobObject DragDrop SCXW265559840 BCX0\"><span class=\"SCXW265559840 BCX0\">\u00a0<\/span><br class=\"SCXW265559840 BCX0\" \/><\/span><span class=\"TextRun SCXW265559840 BCX0\" lang=\"PT-PT\" xml:lang=\"PT-PT\" data-contrast=\"none\"><span class=\"NormalTextRun SCXW265559840 BCX0\">Catalina protects the personally identifiable information you provide on computer servers in a controlled, secure environment, protected from unauthorized access, use, or disclosure. However, no security system is perfect or 100% secure. If necessary or required by law, we will notify you if there has been a breach of our security. When personal information (such as credit card information) is transmitted to other sites, it is protected through the use of encryption, such as the Secure <\/span><span class=\"NormalTextRun SpellingErrorV2Themed SCXW265559840 BCX0\">Socket<\/span> <span class=\"NormalTextRun SpellingErrorV2Themed SCXW265559840 BCX0\">Socket Layer<\/span><span class=\"NormalTextRun SCXW265559840 BCX0\"> (SSL) protocol. <\/span><\/span><span class=\"LineBreakBlob BlobObject DragDrop SCXW265559840 BCX0\"><span class=\"SCXW265559840 BCX0\">\u00a0<\/span><br class=\"SCXW265559840 BCX0\" \/><\/span><span class=\"TextRun SCXW265559840 BCX0\" lang=\"PT-PT\" xml:lang=\"PT-PT\" data-contrast=\"none\"><span class=\"NormalTextRun SCXW265559840 BCX0\">You can verify that your connection to our site is secure by the closed padlock icon at the top of your browser next <\/span><span class=\"NormalTextRun SpellingErrorV2Themed SCXW265559840 BCX0\">to our<\/span><span class=\"NormalTextRun SCXW265559840 BCX0\"> site\u2019s URL.<\/span><\/span><span class=\"LineBreakBlob BlobObject DragDrop SCXW265559840 BCX0\"><span class=\"SCXW265559840 BCX0\">\u00a0<\/span><br class=\"SCXW265559840 BCX0\" \/><\/span><span class=\"TextRun SCXW265559840 BCX0\" lang=\"PT-PT\" xml:lang=\"PT-PT\" data-contrast=\"none\"><span class=\"NormalTextRun SCXW265559840 BCX0\">Only employees and trusted third parties who need access to your information to perform their functions and\/or perform the services they provide to Catalina are permitted to access it.<\/span><\/span><span class=\"LineBreakBlob BlobObject DragDrop SCXW265559840 BCX0\"><span class=\"SCXW265559840 BCX0\">\u00a0<\/span><br class=\"SCXW265559840 BCX0\" \/><\/span><span class=\"TextRun SCXW265559840 BCX0\" lang=\"PT-PT\" xml:lang=\"PT-PT\" data-contrast=\"none\"><span class=\"NormalTextRun SCXW265559840 BCX0\">We recommend that you take certain steps to help protect the confidentiality and security of your account and personal information:<\/span><\/span><span class=\"LineBreakBlob BlobObject DragDrop SCXW265559840 BCX0\"><span class=\"SCXW265559840 BCX0\">\u00a0<\/span><br class=\"SCXW265559840 BCX0\" \/><\/span><span class=\"TextRun SCXW265559840 BCX0\" lang=\"PT-PT\" xml:lang=\"PT-PT\" data-contrast=\"none\"><span class=\"NormalTextRun SCXW265559840 BCX0\">- Install an antivirus to avoid <\/span><span class=\"NormalTextRun SpellingErrorV2Themed SCXW265559840 BCX0\">malware<\/span><span class=\"NormalTextRun SCXW265559840 BCX0\"> and virus;<\/span><\/span><span class=\"LineBreakBlob BlobObject DragDrop SCXW265559840 BCX0\"><span class=\"SCXW265559840 BCX0\">\u00a0<\/span><br class=\"SCXW265559840 BCX0\" \/><\/span><span class=\"TextRun SCXW265559840 BCX0\" lang=\"PT-PT\" xml:lang=\"PT-PT\" data-contrast=\"none\"><span class=\"NormalTextRun SCXW265559840 BCX0\">- Use complex passwords <\/span><span class=\"NormalTextRun SCXW265559840 BCX0\">(at<\/span><span class=\"NormalTextRun SCXW265559840 BCX0\"> least 7 characters long and containing at least one capital letter and one number);<\/span><\/span><span class=\"LineBreakBlob BlobObject DragDrop SCXW265559840 BCX0\"><span class=\"SCXW265559840 BCX0\">\u00a0<\/span><br class=\"SCXW265559840 BCX0\" \/><\/span><span class=\"TextRun SCXW265559840 BCX0\" lang=\"PT-PT\" xml:lang=\"PT-PT\" data-contrast=\"none\"><span class=\"NormalTextRun SCXW265559840 BCX0\">- Change your password frequently;<\/span><\/span><span class=\"LineBreakBlob BlobObject DragDrop SCXW265559840 BCX0\"><span class=\"SCXW265559840 BCX0\">\u00a0<\/span><br class=\"SCXW265559840 BCX0\" \/><\/span><span class=\"TextRun SCXW265559840 BCX0\" lang=\"PT-PT\" xml:lang=\"PT-PT\" data-contrast=\"none\"><span class=\"NormalTextRun SCXW265559840 BCX0\">- Don`t use a password that you have already used on another website;<\/span><\/span><span class=\"LineBreakBlob BlobObject DragDrop SCXW265559840 BCX0\"><span class=\"SCXW265559840 BCX0\">\u00a0<\/span><br class=\"SCXW265559840 BCX0\" \/><\/span><span class=\"TextRun SCXW265559840 BCX0\" lang=\"PT-PT\" xml:lang=\"PT-PT\" data-contrast=\"none\"><span class=\"NormalTextRun SCXW265559840 BCX0\">- Don`t disclose your personal data to other people;<\/span><\/span><span class=\"LineBreakBlob BlobObject DragDrop SCXW265559840 BCX0\"><span class=\"SCXW265559840 BCX0\">\u00a0<\/span><br class=\"SCXW265559840 BCX0\" \/><\/span><span class=\"TextRun SCXW265559840 BCX0\" lang=\"PT-PT\" xml:lang=\"PT-PT\" data-contrast=\"none\"><span class=\"NormalTextRun SCXW265559840 BCX0\">- Report any suspicious activity in your customer account via email to <\/span><\/span><a class=\"Hyperlink SCXW265559840 BCX0\" href=\"mailto:info@catalinajewelry.pt\" target=\"_blank\" rel=\"noreferrer noopener\"><span class=\"TextRun Underlined SCXW265559840 BCX0\" lang=\"PT-PT\" xml:lang=\"PT-PT\" data-contrast=\"none\"><span class=\"NormalTextRun SCXW265559840 BCX0\" data-ccp-charstyle=\"Hyperlink\">info@catalinajewelry.pt<\/span><\/span><\/a><span class=\"LineBreakBlob BlobObject DragDrop SCXW265559840 BCX0\"><span class=\"SCXW265559840 BCX0\">\u00a0<\/span><br class=\"SCXW265559840 BCX0\" \/><\/span><\/p><p>Payment\u00a0<\/p><p><span data-contrast=\"none\">All transactions are made securely through our payment gateway. We don`t have access to any credit or debit card information.<\/span><span data-ccp-props=\"{&quot;134233117&quot;:false,&quot;134233118&quot;:false,&quot;335559738&quot;:0,&quot;335559739&quot;:0}\">\u00a0<\/span><\/p><p><span class=\"TextRun SCXW189478885 BCX0\" lang=\"PT-PT\" xml:lang=\"PT-PT\" data-contrast=\"none\"><span class=\"NormalTextRun SCXW189478885 BCX0\">Rights<\/span><\/span><span class=\"LineBreakBlob BlobObject DragDrop SCXW189478885 BCX0\"><span class=\"SCXW189478885 BCX0\">\u00a0<\/span><br class=\"SCXW189478885 BCX0\" \/><\/span><span class=\"TextRun SCXW189478885 BCX0\" lang=\"PT-PT\" xml:lang=\"PT-PT\" data-contrast=\"none\"><span class=\"NormalTextRun SCXW189478885 BCX0\">The user may exercise their rights of access, rectification, erasure, restriction of data processing, data portability and opposition. These rights may be exercised by sending an email to <\/span><\/span><a class=\"Hyperlink SCXW189478885 BCX0\" href=\"mailto:info@catalinajewelry.pt\" target=\"_blank\" rel=\"noreferrer noopener\"><span class=\"TextRun Underlined SCXW189478885 BCX0\" lang=\"PT-PT\" xml:lang=\"PT-PT\" data-contrast=\"none\"><span class=\"NormalTextRun SCXW189478885 BCX0\" data-ccp-charstyle=\"Hyperlink\">info@catalinajewelry.pt<\/span><\/span><\/a> <span class=\"LineBreakBlob BlobObject DragDrop SCXW189478885 BCX0\"><span class=\"SCXW189478885 BCX0\">\u00a0<\/span><br class=\"SCXW189478885 BCX0\" \/><\/span><\/p><p>Privacy Policy Changes\u00a0<\/p><p><span data-contrast=\"none\">We reserve the right to modify or amend our Privacy Policy at any time. All updates and\/or changes will be posted on this page. We recommend that you review our Privacy Policy periodically.<\/span><span data-ccp-props=\"{&quot;134233117&quot;:false,&quot;134233118&quot;:false,&quot;335559738&quot;:0,&quot;335559739&quot;:0}\">\u00a0<\/span><\/p><p><span class=\"TextRun SCXW57487673 BCX0\" lang=\"PT-PT\" xml:lang=\"PT-PT\" data-contrast=\"none\"><span class=\"NormalTextRun SCXW57487673 BCX0\">Cookies Policy<\/span><\/span><span class=\"LineBreakBlob BlobObject DragDrop SCXW57487673 BCX0\"><span class=\"SCXW57487673 BCX0\">\u00a0<\/span><br class=\"SCXW57487673 BCX0\" \/><\/span><span class=\"TextRun SCXW57487673 BCX0\" lang=\"PT-PT\" xml:lang=\"PT-PT\" data-contrast=\"none\"><span class=\"NormalTextRun SCXW57487673 BCX0\">The Catalina <\/span><span class=\"NormalTextRun SpellingErrorV2Themed SCXW57487673 BCX0\">Jewelry website<\/span><span class=\"NormalTextRun SCXW57487673 BCX0\"> uses cookies, which are small text files that, when the user agrees, are loaded via the browser and stored on the user\/customer's computer, mobile phone or tablet when they visit our website. Cookies allow our systems to recognise the user when they return to our website and to remember the user\/customer's characteristics, interests or browsing preferences. Cookies can also be used to analyse traffic, to collect statistics on the number of visitors to the website and to collect information on how the website is being used and how we can improve its content, navigation and structure. Finally, we use cookies to present personalised options based on information stored about the user's last visit to our website and for marketing purposes.\nCookies stored on the user's computer or other device take up very little space, do not cause any damage, don`t transmit any viruses, nor allow access to your computer or the device you are using (mobile phone, tablet, etc.). Cookies only retain information related to the user's preferences and navigation on our website; they do not contain confidential user information.<\/span><\/span><span class=\"LineBreakBlob BlobObject DragDrop SCXW57487673 BCX0\"><span class=\"SCXW57487673 BCX0\">\u00a0<\/span><br class=\"SCXW57487673 BCX0\" \/><\/span><span class=\"TextRun SCXW57487673 BCX0\" lang=\"PT-PT\" xml:lang=\"PT-PT\" data-contrast=\"none\"><span class=\"NormalTextRun SCXW57487673 BCX0\">Our website only has access to the information provided by the user.<\/span><\/span><span class=\"LineBreakBlob BlobObject DragDrop SCXW57487673 BCX0\"><span class=\"SCXW57487673 BCX0\">\u00a0<\/span><br class=\"SCXW57487673 BCX0\" \/><\/span><span class=\"TextRun SCXW57487673 BCX0\" lang=\"PT-PT\" xml:lang=\"PT-PT\" data-contrast=\"none\"><span class=\"NormalTextRun SCXW57487673 BCX0\">If you would like to access cookies to see what cookies are used or change what types of cookies you accept, you can do so in your browser settings or by clicking on the closed padlock icon. You can block cookies at any time by activating the setting on your browser that allows you to refuse the setting of all cookies or by specifying which cookies you want to block. However, if you block all cookies, you may not be able to access all or part of our website (you may not be able to access some content and services and some features may no longer work). Overall, cookies help provide a better user experience, allow for faster and more efficient navigation on the website and eliminate the need to repeatedly enter the same information.<\/span><\/span><span class=\"LineBreakBlob BlobObject DragDrop SCXW57487673 BCX0\"><span class=\"SCXW57487673 BCX0\">\u00a0<\/span><br class=\"SCXW57487673 BCX0\" \/><\/span><span class=\"TextRun SCXW57487673 BCX0\" lang=\"PT-PT\" xml:lang=\"PT-PT\" data-contrast=\"none\"><span class=\"NormalTextRun SCXW57487673 BCX0\">We use two types of cookies on our website: session cookies and persistent cookies. Session cookies are temporary and remain on your device until you leave the website. Persistent cookies are stored as a file on your device and remain on your device until you manually delete them or until they expire.<\/span><\/span><\/p><p>Newsletter<\/p><p><span data-contrast=\"none\">Catalina may periodically send emails to the email address you provided us with information about products and services, details of promotions and special offers, but in order to receive our newsletter you must first give your consent. By accepting to receive our Newsletter you are saying that you have read and accepted our Privacy Policy.<\/span><span data-ccp-props=\"{&quot;134233117&quot;:false,&quot;134233118&quot;:false,&quot;335559738&quot;:0,&quot;335559739&quot;:0}\">\u00a0<\/span><\/p><p><span data-contrast=\"none\">The user can unsubscribe from our newsletter at any time by clicking \"unsubscribe\" in one of the emails they receive. If the user has any questions or if they have problems unsubscribing, they can contact us via email at <\/span><a href=\"mailto:info@catalinajewelry.pt\"><span data-contrast=\"none\">info@catalinajewelry.pt<\/span><\/a>\u00a0<\/p><p>Contact<\/p><p><span data-contrast=\"none\">If you have any questions regarding Catalina's Privacy Policy, please contact us by email at <\/span><a href=\"mailto:info@catalinajewelry.pt\"><span data-contrast=\"none\">info@catalinajewelry.pt<\/span><\/a><span data-ccp-props=\"{&quot;134233117&quot;:false,&quot;134233118&quot;:false,&quot;335559738&quot;:0,&quot;335559739&quot;:0}\">\u00a0<\/span><\/p>\t\t\t\t\t\t\t\t<\/div>\n\t\t\t\t<\/div>\n\t\t\t\t\t<\/div>\n\t\t<\/div>\n\t\t\t\t      \r\n            \r\n              \r\n            \r\n            \t\r\n\t\t\t<\/div>\r\n\t\t<\/section>\r\n\t\t\t\t<\/div>","protected":false},"excerpt":{"rendered":"<p>A privacidade do utilizador \u00e9 muito importante para n\u00f3s, por isso respeitamos e defendemos a confidencialidade dos dados pessoais, informa\u00e7\u00f5es e a privacidade dos nossos clientes\/utilizadores. Esta Pol\u00edtica de Privacidade define como as tuas informa\u00e7\u00f5es pessoais s\u00e3o recolhidas, utilizadas e partilhadas quando visita ou faz uma compra no nosso site. O utilizador ao usar o [&hellip;]<\/p>\n","protected":false},"author":1,"featured_media":0,"parent":0,"menu_order":0,"comment_status":"closed","ping_status":"closed","template":"","meta":{"om_disable_all_campaigns":false,"_monsterinsights_skip_tracking":false,"_monsterinsights_sitenote_active":false,"_monsterinsights_sitenote_note":"","_monsterinsights_sitenote_category":0,"_uf_show_specific_survey":0,"_uf_disable_surveys":false,"footnotes":""},"class_list":["post-17919","page","type-page","status-publish","hentry"],"aioseo_notices":[],"_links":{"self":[{"href":"https:\/\/catalinajewelry.pt\/en\/wp-json\/wp\/v2\/pages\/17919","targetHints":{"allow":["GET"]}}],"collection":[{"href":"https:\/\/catalinajewelry.pt\/en\/wp-json\/wp\/v2\/pages"}],"about":[{"href":"https:\/\/catalinajewelry.pt\/en\/wp-json\/wp\/v2\/types\/page"}],"author":[{"embeddable":true,"href":"https:\/\/catalinajewelry.pt\/en\/wp-json\/wp\/v2\/users\/1"}],"replies":[{"embeddable":true,"href":"https:\/\/catalinajewelry.pt\/en\/wp-json\/wp\/v2\/comments?post=17919"}],"version-history":[{"count":25,"href":"https:\/\/catalinajewelry.pt\/en\/wp-json\/wp\/v2\/pages\/17919\/revisions"}],"predecessor-version":[{"id":19518,"href":"https:\/\/catalinajewelry.pt\/en\/wp-json\/wp\/v2\/pages\/17919\/revisions\/19518"}],"wp:attachment":[{"href":"https:\/\/catalinajewelry.pt\/en\/wp-json\/wp\/v2\/media?parent=17919"}],"curies":[{"name":"wp","href":"https:\/\/api.w.org\/{rel}","templated":true}]}}