{"id":18275,"date":"2025-03-06T11:18:10","date_gmt":"2025-03-06T11:18:10","guid":{"rendered":"https:\/\/catalinajewelry.pt\/?page_id=18275"},"modified":"2025-03-06T12:14:53","modified_gmt":"2025-03-06T12:14:53","slug":"partnership","status":"publish","type":"page","link":"https:\/\/catalinajewelry.pt\/en\/partnership\/","title":{"rendered":"Partnership"},"content":{"rendered":"<div data-elementor-type=\"wp-page\" data-elementor-id=\"18275\" class=\"elementor elementor-18275\">\n\t\t\t\t\t\t<section class=\"elementor-section elementor-top-section elementor-element elementor-element-77d05a0 elementor-section-boxed elementor-section-height-default elementor-section-height-default\" data-id=\"77d05a0\" data-element_type=\"section\">\r\n\t\t\t\t\t\t<div class=\"elementor-container elementor-column-gap-default jws_section_\" >\r\n\t\t\t\t<div class=\"elementor-column elementor-col-100 elementor-top-column elementor-element elementor-element-87c9eb1\" data-id=\"87c9eb1\" data-element_type=\"column\">\n\t\t\t<div class=\"elementor-widget-wrap elementor-element-populated\">\n\t\t\t\t\t\t<div class=\"elementor-element elementor-element-282a726 elementor-position-left elementor-vertical-align-middle elementor-widget__width-initial elementor-widget elementor-widget-image-box\" data-id=\"282a726\" data-element_type=\"widget\" data-widget_type=\"image-box.default\">\n\t\t\t\t<div class=\"elementor-widget-container\">\n\t\t\t\t\t<div class=\"elementor-image-box-wrapper\"><figure class=\"elementor-image-box-img\"><img fetchpriority=\"high\" decoding=\"async\" width=\"1920\" height=\"2560\" src=\"https:\/\/catalinajewelry.pt\/wp-content\/uploads\/2025\/03\/MG_1003-scaled.jpg\" class=\"attachment-full size-full wp-image-18278\" alt=\"\" srcset=\"https:\/\/catalinajewelry.pt\/wp-content\/uploads\/2025\/03\/MG_1003-scaled.jpg 1920w, https:\/\/catalinajewelry.pt\/wp-content\/uploads\/2025\/03\/MG_1003-225x300.jpg 225w, https:\/\/catalinajewelry.pt\/wp-content\/uploads\/2025\/03\/MG_1003-768x1024.jpg 768w, https:\/\/catalinajewelry.pt\/wp-content\/uploads\/2025\/03\/MG_1003-1152x1536.jpg 1152w, https:\/\/catalinajewelry.pt\/wp-content\/uploads\/2025\/03\/MG_1003-1536x2048.jpg 1536w, https:\/\/catalinajewelry.pt\/wp-content\/uploads\/2025\/03\/MG_1003-9x12.jpg 9w, https:\/\/catalinajewelry.pt\/wp-content\/uploads\/2025\/03\/MG_1003-1568x2091.jpg 1568w, https:\/\/catalinajewelry.pt\/wp-content\/uploads\/2025\/03\/MG_1003-1024x1365.jpg 1024w\" sizes=\"(max-width: 1920px) 100vw, 1920px\" \/><\/figure><div class=\"elementor-image-box-content\"><h3 class=\"elementor-image-box-title\">Partnerships<\/h3><p class=\"elementor-image-box-description\">Do you identify with our brand values? <br>Would you like to have our jewelry at an event, in a photoshoot, at a fashion show or have our jewelry in your jewelry store?<br>\n\n<br>Are you a company or a brand and are you interested in running a promotional campaign with us to create something unique, innovative and with a shared work environment?<br>\n\n<br>How does the partnership work if you are an influencer?\n\n<br>You will receive products of your choice so you can create a sincere review of our brand. The number of pieces you receive will depend on the partnership and our stock. To do this, we will ask you for a list of your favorite products and we will choose pieces that have the pieces you would like to receive. Together, we will decide what the partnership will be like, what its content will be and the best way to share it on social media.<\/p><\/div><\/div>\t\t\t\t<\/div>\n\t\t\t\t<\/div>\n\t\t\t\t<div class=\"elementor-element elementor-element-c8eea35 elementor-widget elementor-widget-spacer\" data-id=\"c8eea35\" data-element_type=\"widget\" data-widget_type=\"spacer.default\">\n\t\t\t\t<div class=\"elementor-widget-container\">\n\t\t\t\t\t\t\t<div class=\"elementor-spacer\">\n\t\t\t<div class=\"elementor-spacer-inner\"><\/div>\n\t\t<\/div>\n\t\t\t\t\t\t<\/div>\n\t\t\t\t<\/div>\n\t\t\t\t<div class=\"elementor-element elementor-element-8436709 elementor-widget elementor-widget-heading\" data-id=\"8436709\" data-element_type=\"widget\" data-widget_type=\"heading.default\">\n\t\t\t\t<div class=\"elementor-widget-container\">\n\t\t\t\t\t<h2 class=\"elementor-heading-title elementor-size-default\">Would you like to do a partnership with us?<\/h2>\t\t\t\t<\/div>\n\t\t\t\t<\/div>\n\t\t\t\t<div class=\"elementor-element elementor-element-2b6fc31 elementor-widget elementor-widget-spacer\" data-id=\"2b6fc31\" data-element_type=\"widget\" data-widget_type=\"spacer.default\">\n\t\t\t\t<div class=\"elementor-widget-container\">\n\t\t\t\t\t\t\t<div class=\"elementor-spacer\">\n\t\t\t<div class=\"elementor-spacer-inner\"><\/div>\n\t\t<\/div>\n\t\t\t\t\t\t<\/div>\n\t\t\t\t<\/div>\n\t\t\t\t<div class=\"elementor-element elementor-element-4941002 jws-cf7-style-box jws-cf7-input-size-sm jws-cf7-button-left jws-cf7-btn-size-sm jws-cf7-highlight-style-default elementor-widget elementor-widget-jws_cf7\" data-id=\"4941002\" data-element_type=\"widget\" data-widget_type=\"jws_cf7.default\">\n\t\t\t\t<div class=\"elementor-widget-container\">\n\t\t\t\t\t\t\t\t\t<div class = \"jws-cf7-container\">\r\n\t\t\t\t\t\t<div class = \"jws-cf7 jws-cf7-style elementor-clickable\">\r\n\t\t\t\t\t\t\n<div class=\"wpcf7 no-js\" id=\"wpcf7-f8187-o1\" lang=\"en-US\" dir=\"ltr\" data-wpcf7-id=\"8187\">\n<div class=\"screen-reader-response\"><p role=\"status\" aria-live=\"polite\" aria-atomic=\"true\"><\/p> <ul><\/ul><\/div>\n<form action=\"\/en\/wp-json\/wp\/v2\/pages\/18275#wpcf7-f8187-o1\" method=\"post\" class=\"wpcf7-form init\" aria-label=\"Contact form\" novalidate=\"novalidate\" data-status=\"init\" data-trp-original-action=\"\/en\/wp-json\/wp\/v2\/pages\/18275#wpcf7-f8187-o1\">\n<fieldset class=\"hidden-fields-container\"><input type=\"hidden\" name=\"_wpcf7\" value=\"8187\" \/><input type=\"hidden\" name=\"_wpcf7_version\" value=\"6.1.5\" \/><input type=\"hidden\" name=\"_wpcf7_locale\" value=\"en_US\" \/><input type=\"hidden\" name=\"_wpcf7_unit_tag\" value=\"wpcf7-f8187-o1\" \/><input type=\"hidden\" name=\"_wpcf7_container_post\" value=\"0\" \/><input type=\"hidden\" name=\"_wpcf7_posted_data_hash\" value=\"\" \/><input type=\"hidden\" name=\"_wpcf7_recaptcha_response\" value=\"\" \/>\n<\/fieldset>\n<div class=\"row\">\n\t<div class=\"col-xl-6 col-lg-6 col-12\">\n\t\t<p><span class=\"wpcf7-form-control-wrap\" data-name=\"text-286\"><input size=\"40\" maxlength=\"400\" class=\"wpcf7-form-control wpcf7-text wpcf7-validates-as-required\" aria-required=\"true\" aria-invalid=\"false\" placeholder=\"Your name*\" value=\"\" type=\"text\" name=\"text-286\" \/><\/span>\n\t\t<\/p>\n\t<\/div>\n\t<div class=\"col-xl-6 col-lg-6 col-12\">\n\t\t<p><span class=\"wpcf7-form-control-wrap\" data-name=\"email-187\"><input size=\"40\" maxlength=\"400\" class=\"wpcf7-form-control wpcf7-email wpcf7-validates-as-required wpcf7-text wpcf7-validates-as-email\" aria-required=\"true\" aria-invalid=\"false\" placeholder=\"Your email*\" value=\"\" type=\"email\" name=\"email-187\" \/><\/span>\n\t\t<\/p>\n\t<\/div>\n\t<div class=\"col-xl-6 col-lg-6 col-12\">\n\t\t<p><span class=\"wpcf7-form-control-wrap\" data-name=\"your-subject\"><input size=\"40\" maxlength=\"400\" class=\"wpcf7-form-control wpcf7-text wpcf7-validates-as-required\" aria-required=\"true\" aria-invalid=\"false\" placeholder=\"Topic*\" value=\"\" type=\"text\" name=\"your-subject\" \/><\/span>\n\t\t<\/p>\n\t<\/div>\n\t<div class=\"col-12\">\n\t\t<p><span class=\"wpcf7-form-control-wrap\" data-name=\"tel-810\"><input size=\"40\" maxlength=\"400\" class=\"wpcf7-form-control wpcf7-tel wpcf7-text wpcf7-validates-as-tel\" aria-invalid=\"false\" placeholder=\"Your phone (optional)\" value=\"\" type=\"tel\" name=\"tel-810\" \/><\/span><br \/>\n<span class=\"wpcf7-form-control-wrap\" data-name=\"textarea-238\"><textarea cols=\"40\" rows=\"10\" maxlength=\"2000\" class=\"wpcf7-form-control wpcf7-textarea\" aria-invalid=\"false\" placeholder=\"Message...\" name=\"textarea-238\"><\/textarea><\/span><br \/>\n\t\t<span class=\"wpcf7-form-control-wrap recaptcha\" data-name=\"recaptcha\"><span data-sitekey=\"6Lct0fkqAAAAALpyBNzuQM-rm110ZqBP71aFG0vh\" class=\"wpcf7-form-control wpcf7-recaptcha g-recaptcha\"><\/span>\r\n<noscript>\r\n\t<div class=\"grecaptcha-noscript\">\r\n\t\t<iframe src=\"https:\/\/www.google.com\/recaptcha\/api\/fallback?k=6Lct0fkqAAAAALpyBNzuQM-rm110ZqBP71aFG0vh\" frameborder=\"0\" scrolling=\"no\" width=\"310\" height=\"430\">\r\n\t\t<\/iframe>\r\n\t\t<textarea name=\"g-recaptcha-response\" rows=\"3\" cols=\"40\" placeholder=\"reCaptcha Response Here\">\r\n\t\t<\/textarea>\r\n\t<\/div>\r\n<\/noscript>\r\n<\/span><br \/>\n<input class=\"wpcf7-form-control wpcf7-submit has-spinner\" type=\"submit\" value=\"Send Message\" \/>\n\t\t<\/p>\n\t<\/div>\n<\/div>\n<style>.jws-cf7 .col-12 {padding:0 7.5px;} .jws-cf7 .row {margin:0 -7.5px;}\n<\/style><div class=\"wpcf7-response-output\" aria-hidden=\"true\"><\/div>\n<input type=\"hidden\" name=\"trp-form-language\" value=\"en\"\/><\/form>\n<\/div>\n\t\t\t\t\t<\/div>\r\n\t\t\t\t<\/div>\r\n\t\t\t\t\t\t\t\t<\/div>\n\t\t\t\t<\/div>\n\t\t\t\t<div class=\"elementor-element elementor-element-25f692a elementor-widget elementor-widget-spacer\" data-id=\"25f692a\" data-element_type=\"widget\" data-widget_type=\"spacer.default\">\n\t\t\t\t<div class=\"elementor-widget-container\">\n\t\t\t\t\t\t\t<div class=\"elementor-spacer\">\n\t\t\t<div class=\"elementor-spacer-inner\"><\/div>\n\t\t<\/div>\n\t\t\t\t\t\t<\/div>\n\t\t\t\t<\/div>\n\t\t\t\t<div class=\"elementor-element elementor-element-4b9b614 elementor-widget elementor-widget-text-editor\" data-id=\"4b9b614\" data-element_type=\"widget\" data-widget_type=\"text-editor.default\">\n\t\t\t\t<div class=\"elementor-widget-container\">\n\t\t\t\t\t\t\t\t\t<p><strong>You can also send a email to<a href=\"mailto:info@catalinajewelry.pt\"> info@catalinajewelry.pt<\/a> com o t\u00f3pico &#8220;Parceria&#8221;.<\/strong><\/p>\t\t\t\t\t\t\t\t<\/div>\n\t\t\t\t<\/div>\n\t\t\t\t<div class=\"elementor-element elementor-element-d196469 elementor-widget elementor-widget-spacer\" data-id=\"d196469\" data-element_type=\"widget\" data-widget_type=\"spacer.default\">\n\t\t\t\t<div class=\"elementor-widget-container\">\n\t\t\t\t\t\t\t<div class=\"elementor-spacer\">\n\t\t\t<div class=\"elementor-spacer-inner\"><\/div>\n\t\t<\/div>\n\t\t\t\t\t\t<\/div>\n\t\t\t\t<\/div>\n\t\t\t\t\t<\/div>\n\t\t<\/div>\n\t\t\t\t      \r\n            \r\n              \r\n            \r\n            \t\r\n\t\t\t<\/div>\r\n\t\t<\/section>\r\n\t\t\t\t<\/div>","protected":false},"excerpt":{"rendered":"<p>Parceria Identifica-se com os valores da nossa marca? Gostava de ter as nossas joias num evento, numa sess\u00e3o fotogr\u00e1fica, num desfile ou de ter as nossas joias na sua ourivesaria? \u00c9 uma empresa ou marca e tem interesse em fazer uma campanha promocional connosco para criar algo \u00fanico, inovador e com ambiente de trabalho de [&hellip;]<\/p>\n","protected":false},"author":1,"featured_media":0,"parent":0,"menu_order":0,"comment_status":"closed","ping_status":"closed","template":"","meta":{"om_disable_all_campaigns":false,"_monsterinsights_skip_tracking":false,"_monsterinsights_sitenote_active":false,"_monsterinsights_sitenote_note":"","_monsterinsights_sitenote_category":0,"_uf_show_specific_survey":0,"_uf_disable_surveys":false,"footnotes":""},"class_list":["post-18275","page","type-page","status-publish","hentry"],"aioseo_notices":[],"_links":{"self":[{"href":"https:\/\/catalinajewelry.pt\/en\/wp-json\/wp\/v2\/pages\/18275","targetHints":{"allow":["GET"]}}],"collection":[{"href":"https:\/\/catalinajewelry.pt\/en\/wp-json\/wp\/v2\/pages"}],"about":[{"href":"https:\/\/catalinajewelry.pt\/en\/wp-json\/wp\/v2\/types\/page"}],"author":[{"embeddable":true,"href":"https:\/\/catalinajewelry.pt\/en\/wp-json\/wp\/v2\/users\/1"}],"replies":[{"embeddable":true,"href":"https:\/\/catalinajewelry.pt\/en\/wp-json\/wp\/v2\/comments?post=18275"}],"version-history":[{"count":28,"href":"https:\/\/catalinajewelry.pt\/en\/wp-json\/wp\/v2\/pages\/18275\/revisions"}],"predecessor-version":[{"id":18307,"href":"https:\/\/catalinajewelry.pt\/en\/wp-json\/wp\/v2\/pages\/18275\/revisions\/18307"}],"wp:attachment":[{"href":"https:\/\/catalinajewelry.pt\/en\/wp-json\/wp\/v2\/media?parent=18275"}],"curies":[{"name":"wp","href":"https:\/\/api.w.org\/{rel}","templated":true}]}}