{"id":17320,"date":"2025-01-12T19:20:51","date_gmt":"2025-01-12T19:20:51","guid":{"rendered":"https:\/\/catalinajewelry.pt\/?post_type=product&#038;p=17320"},"modified":"2025-03-10T10:51:45","modified_gmt":"2025-03-10T10:51:45","slug":"bromo-earrings","status":"publish","type":"product","link":"https:\/\/catalinajewelry.pt\/en\/product\/bromo-earrings\/","title":{"rendered":"Bromo Earrings"},"content":{"rendered":"<p style=\"text-align: center;\">Catalina jewelry is 100% Portuguese and is handmade, piece by piece.<\/p>\n<p style=\"text-align: center;\">This means that no two pieces are exactly alike, making each piece unique.<\/p>","protected":false},"excerpt":{"rendered":"<p>As joias Catalina s\u00e3o 100% portuguesas e feitas \u00e0 m\u00e3o, pe\u00e7a a pe\u00e7a. Isto significa que n\u00e3o existem duas pe\u00e7as exatamente iguais, o que torna cada pe\u00e7a \u00fanica.<\/p>","protected":false},"featured_media":17321,"template":"","meta":{"om_disable_all_campaigns":false,"_monsterinsights_skip_tracking":false,"_monsterinsights_sitenote_active":false,"_monsterinsights_sitenote_note":"","_monsterinsights_sitenote_category":0,"_uf_show_specific_survey":0,"_uf_disable_surveys":false},"product_brand":[],"product_cat":[25,152,153,145],"product_tag":[],"class_list":{"0":"post-17320","1":"product","2":"type-product","3":"status-publish","4":"has-post-thumbnail","6":"product_cat-earrings","7":"product_cat-bold","8":"product_cat-elegant","9":"product_cat-vulcano","11":"first","12":"instock","13":"taxable","14":"shipping-taxable","15":"purchasable","16":"product-type-simple"},"aioseo_notices":[],"_links":{"self":[{"href":"https:\/\/catalinajewelry.pt\/en\/wp-json\/wp\/v2\/product\/17320","targetHints":{"allow":["GET"]}}],"collection":[{"href":"https:\/\/catalinajewelry.pt\/en\/wp-json\/wp\/v2\/product"}],"about":[{"href":"https:\/\/catalinajewelry.pt\/en\/wp-json\/wp\/v2\/types\/product"}],"wp:featuredmedia":[{"embeddable":true,"href":"https:\/\/catalinajewelry.pt\/en\/wp-json\/wp\/v2\/media\/17321"}],"wp:attachment":[{"href":"https:\/\/catalinajewelry.pt\/en\/wp-json\/wp\/v2\/media?parent=17320"}],"wp:term":[{"taxonomy":"product_brand","embeddable":true,"href":"https:\/\/catalinajewelry.pt\/en\/wp-json\/wp\/v2\/product_brand?post=17320"},{"taxonomy":"product_cat","embeddable":true,"href":"https:\/\/catalinajewelry.pt\/en\/wp-json\/wp\/v2\/product_cat?post=17320"},{"taxonomy":"product_tag","embeddable":true,"href":"https:\/\/catalinajewelry.pt\/en\/wp-json\/wp\/v2\/product_tag?post=17320"}],"curies":[{"name":"wp","href":"https:\/\/api.w.org\/{rel}","templated":true}]}}