{"id":17379,"date":"2025-01-12T22:19:06","date_gmt":"2025-01-12T22:19:06","guid":{"rendered":"https:\/\/catalinajewelry.pt\/?post_type=product&#038;p=17379"},"modified":"2025-03-09T20:38:40","modified_gmt":"2025-03-09T20:38:40","slug":"cotopaxi-necklace","status":"publish","type":"product","link":"https:\/\/catalinajewelry.pt\/en\/product\/cotopaxi-necklace\/","title":{"rendered":"Cotopaxi Necklace"},"content":{"rendered":"<p style=\"text-align: center;\">Catalina jewelry is 100% Portuguese and is handmade, piece by piece.<\/p>\n<p style=\"text-align: center;\">This means that no two pieces are exactly alike, making each piece unique.<\/p>","protected":false},"excerpt":{"rendered":"<p>As joias Catalina s\u00e3o 100% portuguesas e feitas \u00e0 m\u00e3o, pe\u00e7a a pe\u00e7a. Isto significa que n\u00e3o existem duas pe\u00e7as exatamente iguais, o que torna cada pe\u00e7a \u00fanica.<\/p>","protected":false},"featured_media":17380,"template":"","meta":{"om_disable_all_campaigns":false,"_monsterinsights_skip_tracking":false,"_monsterinsights_sitenote_active":false,"_monsterinsights_sitenote_note":"","_monsterinsights_sitenote_category":0,"_uf_show_specific_survey":0,"_uf_disable_surveys":false},"product_brand":[],"product_cat":[24,151,145],"product_tag":[],"class_list":{"0":"post-17379","1":"product","2":"type-product","3":"status-publish","4":"has-post-thumbnail","6":"product_cat-nacklaces","7":"product_cat-minimalist","8":"product_cat-vulcano","10":"first","11":"instock","12":"taxable","13":"shipping-taxable","14":"purchasable","15":"product-type-variable"},"aioseo_notices":[],"_links":{"self":[{"href":"https:\/\/catalinajewelry.pt\/en\/wp-json\/wp\/v2\/product\/17379","targetHints":{"allow":["GET"]}}],"collection":[{"href":"https:\/\/catalinajewelry.pt\/en\/wp-json\/wp\/v2\/product"}],"about":[{"href":"https:\/\/catalinajewelry.pt\/en\/wp-json\/wp\/v2\/types\/product"}],"wp:featuredmedia":[{"embeddable":true,"href":"https:\/\/catalinajewelry.pt\/en\/wp-json\/wp\/v2\/media\/17380"}],"wp:attachment":[{"href":"https:\/\/catalinajewelry.pt\/en\/wp-json\/wp\/v2\/media?parent=17379"}],"wp:term":[{"taxonomy":"product_brand","embeddable":true,"href":"https:\/\/catalinajewelry.pt\/en\/wp-json\/wp\/v2\/product_brand?post=17379"},{"taxonomy":"product_cat","embeddable":true,"href":"https:\/\/catalinajewelry.pt\/en\/wp-json\/wp\/v2\/product_cat?post=17379"},{"taxonomy":"product_tag","embeddable":true,"href":"https:\/\/catalinajewelry.pt\/en\/wp-json\/wp\/v2\/product_tag?post=17379"}],"curies":[{"name":"wp","href":"https:\/\/api.w.org\/{rel}","templated":true}]}}