{"id":19751,"date":"2025-07-17T16:10:46","date_gmt":"2025-07-17T16:10:46","guid":{"rendered":"https:\/\/catalinajewelry.pt\/?post_type=product&#038;p=19751"},"modified":"2025-07-19T11:14:41","modified_gmt":"2025-07-19T11:14:41","slug":"brincos-sussurros-do-mar","status":"publish","type":"product","link":"https:\/\/catalinajewelry.pt\/en\/product\/brincos-sussurros-do-mar\/","title":{"rendered":"Sussuros do Mar Earrings"},"content":{"rendered":"<p class=\"cvGsUA direction-ltr align-center para-style-body\" style=\"text-align: center;\"><span class=\"OYPEnA font-feature-liga-off font-feature-clig-off font-feature-calt-off text-decoration-none text-strikethrough-none\">Feitos \u00e0 m\u00e3o em Prata 925e com p\u00e9rolas de \u00e1gua doce \u2014 um par pensado para n\u00e3o ser igual.<\/span><\/p>\n<p class=\"cvGsUA direction-ltr align-center para-style-body\" style=\"text-align: center;\"><span class=\"OYPEnA font-feature-liga-off font-feature-clig-off font-feature-calt-off text-decoration-none text-strikethrough-none\">Beauty lies in the details and in the gentle asymmetry \u2014 like the waves: never the same, always in harmony.<\/span><\/p>\n<p class=\"cvGsUA direction-ltr align-center para-style-body\" style=\"text-align: center;\"><span class=\"OYPEnA font-feature-liga-off font-feature-clig-off font-feature-calt-off text-decoration-none text-strikethrough-none\">Perfect for long summer days, festivals, weddings, or to add that delicate and elegant touch to your look.<\/span><\/p>","protected":false},"excerpt":{"rendered":"<p>Feitos \u00e0 m\u00e3o em Prata 925e com p\u00e9rolas de \u00e1gua doce \u2014 um par pensado para n\u00e3o ser igual. A beleza est\u00e1 nos detalhes e na leve assimetria, como nas ondas: nunca iguais, sempre em equil\u00edbrio. Ideais para os dias longos de ver\u00e3o, festivais, casamentos ou para dar aquele toque delicado e elegante ao seu [&hellip;]<\/p>\n","protected":false},"featured_media":19755,"template":"","meta":{"om_disable_all_campaigns":false,"_monsterinsights_skip_tracking":false,"_monsterinsights_sitenote_active":false,"_monsterinsights_sitenote_note":"","_monsterinsights_sitenote_category":0,"_uf_show_specific_survey":0,"_uf_disable_surveys":false},"product_brand":[],"product_cat":[260,25,152,153],"product_tag":[],"class_list":{"0":"post-19751","1":"product","2":"type-product","3":"status-publish","4":"has-post-thumbnail","6":"product_cat-almar","7":"product_cat-earrings","8":"product_cat-bold","9":"product_cat-elegant","11":"first","12":"instock","13":"taxable","14":"shipping-taxable","15":"purchasable","16":"product-type-simple"},"aioseo_notices":[],"_links":{"self":[{"href":"https:\/\/catalinajewelry.pt\/en\/wp-json\/wp\/v2\/product\/19751","targetHints":{"allow":["GET"]}}],"collection":[{"href":"https:\/\/catalinajewelry.pt\/en\/wp-json\/wp\/v2\/product"}],"about":[{"href":"https:\/\/catalinajewelry.pt\/en\/wp-json\/wp\/v2\/types\/product"}],"wp:featuredmedia":[{"embeddable":true,"href":"https:\/\/catalinajewelry.pt\/en\/wp-json\/wp\/v2\/media\/19755"}],"wp:attachment":[{"href":"https:\/\/catalinajewelry.pt\/en\/wp-json\/wp\/v2\/media?parent=19751"}],"wp:term":[{"taxonomy":"product_brand","embeddable":true,"href":"https:\/\/catalinajewelry.pt\/en\/wp-json\/wp\/v2\/product_brand?post=19751"},{"taxonomy":"product_cat","embeddable":true,"href":"https:\/\/catalinajewelry.pt\/en\/wp-json\/wp\/v2\/product_cat?post=19751"},{"taxonomy":"product_tag","embeddable":true,"href":"https:\/\/catalinajewelry.pt\/en\/wp-json\/wp\/v2\/product_tag?post=19751"}],"curies":[{"name":"wp","href":"https:\/\/api.w.org\/{rel}","templated":true}]}}