{"id":19830,"date":"2025-07-19T15:05:20","date_gmt":"2025-07-19T15:05:20","guid":{"rendered":"https:\/\/catalinajewelry.pt\/?post_type=product&#038;p=19830"},"modified":"2025-08-25T08:23:27","modified_gmt":"2025-08-25T08:23:27","slug":"colar-etoile-marine","status":"publish","type":"product","link":"https:\/\/catalinajewelry.pt\/en\/product\/colar-etoile-marine\/","title":{"rendered":"\u00c9toile Marine Necklace"},"content":{"rendered":"<p style=\"text-align: center;\">With natural aquamarine stones, the \u00c9toile Marine necklace is more than just a piece of jewelry \u2014 it\u2019s a symbol of tranquillity, balance, and positive energy.<\/p>\n<p style=\"text-align: center;\">Known as the stone of courage and serenity, aquamarine has been used for centuries as a sailor\u2019s talisman and a symbol of emotional cleansing. Its soft blue tones reflect the calm of the sea and resonate beautifully with the sunlit energy of summer.<\/p>\n<p style=\"text-align: center;\">A touch of sophistication inspired by the ocean, perfect worn on its own or layered with other necklaces.<\/p>","protected":false},"excerpt":{"rendered":"<p>Com pedras naturais de \u00e1gua-marinha, o colar \u00c9toile Marine \u00e9 mais do que uma joia \u2014 \u00e9 um s\u00edmbolo de tranquilidade, equil\u00edbrio e energia positiva. Conhecida como a pedra da coragem e da serenidade, a \u00e1gua-marinha tem sido usada h\u00e1 s\u00e9culos como amuleto dos navegante e s\u00edmbolo de purifica\u00e7\u00e3o emocional. As tonalidades de azul refletem [&hellip;]<\/p>\n","protected":false},"featured_media":19831,"template":"","meta":{"om_disable_all_campaigns":false,"_monsterinsights_skip_tracking":false,"_monsterinsights_sitenote_active":false,"_monsterinsights_sitenote_note":"","_monsterinsights_sitenote_category":0,"_uf_show_specific_survey":0,"_uf_disable_surveys":false},"product_brand":[],"product_cat":[260,24,153,150],"product_tag":[],"class_list":{"0":"post-19830","1":"product","2":"type-product","3":"status-publish","4":"has-post-thumbnail","6":"product_cat-almar","7":"product_cat-nacklaces","8":"product_cat-elegant","9":"product_cat-romantic","11":"first","12":"outofstock","13":"taxable","14":"shipping-taxable","15":"purchasable","16":"product-type-simple"},"aioseo_notices":[],"_links":{"self":[{"href":"https:\/\/catalinajewelry.pt\/en\/wp-json\/wp\/v2\/product\/19830","targetHints":{"allow":["GET"]}}],"collection":[{"href":"https:\/\/catalinajewelry.pt\/en\/wp-json\/wp\/v2\/product"}],"about":[{"href":"https:\/\/catalinajewelry.pt\/en\/wp-json\/wp\/v2\/types\/product"}],"wp:featuredmedia":[{"embeddable":true,"href":"https:\/\/catalinajewelry.pt\/en\/wp-json\/wp\/v2\/media\/19831"}],"wp:attachment":[{"href":"https:\/\/catalinajewelry.pt\/en\/wp-json\/wp\/v2\/media?parent=19830"}],"wp:term":[{"taxonomy":"product_brand","embeddable":true,"href":"https:\/\/catalinajewelry.pt\/en\/wp-json\/wp\/v2\/product_brand?post=19830"},{"taxonomy":"product_cat","embeddable":true,"href":"https:\/\/catalinajewelry.pt\/en\/wp-json\/wp\/v2\/product_cat?post=19830"},{"taxonomy":"product_tag","embeddable":true,"href":"https:\/\/catalinajewelry.pt\/en\/wp-json\/wp\/v2\/product_tag?post=19830"}],"curies":[{"name":"wp","href":"https:\/\/api.w.org\/{rel}","templated":true}]}}