{"id":19864,"date":"2025-08-07T10:18:19","date_gmt":"2025-08-07T10:18:19","guid":{"rendered":"https:\/\/catalinajewelry.pt\/?post_type=product&#038;p=19864"},"modified":"2025-08-07T10:18:19","modified_gmt":"2025-08-07T10:18:19","slug":"colar-nereide-azul","status":"publish","type":"product","link":"https:\/\/catalinajewelry.pt\/en\/product\/colar-nereide-azul\/","title":{"rendered":"Nereide Azul Necklace"},"content":{"rendered":"<p style=\"text-align: center;\">Take a piece of the sea with you with the Nereide Azul necklace.<\/p>\n<p style=\"text-align: center;\">The blue zirconia shines like the calm gaze of the sea and captures the magical essence of the depths.<\/p>","protected":false},"excerpt":{"rendered":"<p>Leve consigo um peda\u00e7o do mar com o colar Nereide azul. A zirc\u00f3nia azul reluz como o olhar tranquilo do mar e captura a ess\u00eancia m\u00e1gica das profundezas.<\/p>","protected":false},"featured_media":19865,"template":"","meta":{"om_disable_all_campaigns":false,"_monsterinsights_skip_tracking":false,"_monsterinsights_sitenote_active":false,"_monsterinsights_sitenote_note":"","_monsterinsights_sitenote_category":0,"_uf_show_specific_survey":0,"_uf_disable_surveys":false},"product_brand":[],"product_cat":[260,24],"product_tag":[],"class_list":{"0":"post-19864","1":"product","2":"type-product","3":"status-publish","4":"has-post-thumbnail","6":"product_cat-almar","7":"product_cat-nacklaces","9":"first","10":"instock","11":"taxable","12":"shipping-taxable","13":"purchasable","14":"product-type-variable"},"aioseo_notices":[],"_links":{"self":[{"href":"https:\/\/catalinajewelry.pt\/en\/wp-json\/wp\/v2\/product\/19864","targetHints":{"allow":["GET"]}}],"collection":[{"href":"https:\/\/catalinajewelry.pt\/en\/wp-json\/wp\/v2\/product"}],"about":[{"href":"https:\/\/catalinajewelry.pt\/en\/wp-json\/wp\/v2\/types\/product"}],"wp:featuredmedia":[{"embeddable":true,"href":"https:\/\/catalinajewelry.pt\/en\/wp-json\/wp\/v2\/media\/19865"}],"wp:attachment":[{"href":"https:\/\/catalinajewelry.pt\/en\/wp-json\/wp\/v2\/media?parent=19864"}],"wp:term":[{"taxonomy":"product_brand","embeddable":true,"href":"https:\/\/catalinajewelry.pt\/en\/wp-json\/wp\/v2\/product_brand?post=19864"},{"taxonomy":"product_cat","embeddable":true,"href":"https:\/\/catalinajewelry.pt\/en\/wp-json\/wp\/v2\/product_cat?post=19864"},{"taxonomy":"product_tag","embeddable":true,"href":"https:\/\/catalinajewelry.pt\/en\/wp-json\/wp\/v2\/product_tag?post=19864"}],"curies":[{"name":"wp","href":"https:\/\/api.w.org\/{rel}","templated":true}]}}