{"id":19873,"date":"2025-08-07T10:45:44","date_gmt":"2025-08-07T10:45:44","guid":{"rendered":"https:\/\/catalinajewelry.pt\/?post_type=product&#038;p=19873"},"modified":"2025-08-07T10:47:13","modified_gmt":"2025-08-07T10:47:13","slug":"anel-mares-da-forca","status":"publish","type":"product","link":"https:\/\/catalinajewelry.pt\/en\/product\/anel-mares-da-forca\/","title":{"rendered":"Mar\u00e9s da For\u00e7a Ring"},"content":{"rendered":"<p class=\"cvGsUA direction-ltr align-center para-style-body\" style=\"text-align: center;\"><span class=\"OYPEnA font-feature-liga-off font-feature-clig-off font-feature-calt-off text-decoration-none text-strikethrough-none\">Strength from the depths of the sea. A symbol of protection, courage, and transformation.<br \/>\nIt is not an adjustable ring, so do not apply pressure to adjust the ring or you may break the ring.<\/span><\/p>","protected":false},"excerpt":{"rendered":"<p>For\u00e7a que vem do fundo do mar. Um s\u00edmbolo de prote\u00e7\u00e3o, coragem e transforma\u00e7\u00e3o. N\u00e3o \u00e9 um anel ajust\u00e1vel, por isso n\u00e3o fazer press\u00e3o para ajustar o anel ou pode partir o anel.<\/p>","protected":false},"featured_media":19875,"template":"","meta":{"om_disable_all_campaigns":false,"_monsterinsights_skip_tracking":false,"_monsterinsights_sitenote_active":false,"_monsterinsights_sitenote_note":"","_monsterinsights_sitenote_category":0,"_uf_show_specific_survey":0,"_uf_disable_surveys":false},"product_brand":[],"product_cat":[260,23,154],"product_tag":[],"class_list":{"0":"post-19873","1":"product","2":"type-product","3":"status-publish","4":"has-post-thumbnail","6":"product_cat-almar","7":"product_cat-rings","8":"product_cat-gifts60","10":"first","11":"outofstock","12":"taxable","13":"shipping-taxable","14":"purchasable","15":"product-type-variable"},"aioseo_notices":[],"_links":{"self":[{"href":"https:\/\/catalinajewelry.pt\/en\/wp-json\/wp\/v2\/product\/19873","targetHints":{"allow":["GET"]}}],"collection":[{"href":"https:\/\/catalinajewelry.pt\/en\/wp-json\/wp\/v2\/product"}],"about":[{"href":"https:\/\/catalinajewelry.pt\/en\/wp-json\/wp\/v2\/types\/product"}],"wp:featuredmedia":[{"embeddable":true,"href":"https:\/\/catalinajewelry.pt\/en\/wp-json\/wp\/v2\/media\/19875"}],"wp:attachment":[{"href":"https:\/\/catalinajewelry.pt\/en\/wp-json\/wp\/v2\/media?parent=19873"}],"wp:term":[{"taxonomy":"product_brand","embeddable":true,"href":"https:\/\/catalinajewelry.pt\/en\/wp-json\/wp\/v2\/product_brand?post=19873"},{"taxonomy":"product_cat","embeddable":true,"href":"https:\/\/catalinajewelry.pt\/en\/wp-json\/wp\/v2\/product_cat?post=19873"},{"taxonomy":"product_tag","embeddable":true,"href":"https:\/\/catalinajewelry.pt\/en\/wp-json\/wp\/v2\/product_tag?post=19873"}],"curies":[{"name":"wp","href":"https:\/\/api.w.org\/{rel}","templated":true}]}}