{"id":19885,"date":"2025-08-07T11:42:47","date_gmt":"2025-08-07T11:42:47","guid":{"rendered":"https:\/\/catalinajewelry.pt\/?post_type=product&#038;p=19885"},"modified":"2025-08-07T11:48:32","modified_gmt":"2025-08-07T11:48:32","slug":"colar-sardinha","status":"publish","type":"product","link":"https:\/\/catalinajewelry.pt\/en\/product\/colar-sardinha\/","title":{"rendered":"Sardinha Necklace"},"content":{"rendered":"<p class=\"cvGsUA direction-ltr align-center para-style-body\" style=\"text-align: center;\"><span class=\"OYPEnA font-feature-liga-off font-feature-clig-off font-feature-calt-off text-decoration-none text-strikethrough-none\">Necklace featuring the iconic sardine, a symbol of Portuguese culture and the summer that lives forever in the soul.<\/span><\/p>\n<p class=\"cvGsUA direction-ltr align-center para-style-body\" style=\"text-align: center;\"><span class=\"OYPEnA font-feature-liga-off font-feature-clig-off font-feature-calt-off text-decoration-none text-strikethrough-none\">The necklace features amazonite, known as the \"stone of hope.\" It's a stone naturally associated with harmony and balance. It's said to calm the mind, soothe worries, and encourage truth and authentic communication... like a calm sea after a storm.<\/span><\/p>","protected":false},"excerpt":{"rendered":"<p>Colar com a ic\u00f3nica sardinha, s\u00edmbolo da cultura portuguesa e do ver\u00e3o que vive para sempre na alma. O Colar tem pedras de amazonite que \u00e9 conhecida como a &#8220;pedra da esperan\u00e7a&#8221;. \u00c9 uma pedra naturalmente associada \u00e0 harmonia e equil\u00edbrio. Diz-se que acalma a mente, suaviza preocupa\u00e7\u00f5es e estimula a verdade e a comunica\u00e7\u00e3o [&hellip;]<\/p>\n","protected":false},"featured_media":19891,"template":"","meta":{"om_disable_all_campaigns":false,"_monsterinsights_skip_tracking":false,"_monsterinsights_sitenote_active":false,"_monsterinsights_sitenote_note":"","_monsterinsights_sitenote_category":0,"_uf_show_specific_survey":0,"_uf_disable_surveys":false},"product_brand":[],"product_cat":[260,24,154],"product_tag":[],"class_list":{"0":"post-19885","1":"product","2":"type-product","3":"status-publish","4":"has-post-thumbnail","6":"product_cat-almar","7":"product_cat-nacklaces","8":"product_cat-gifts60","10":"first","11":"instock","12":"taxable","13":"shipping-taxable","14":"purchasable","15":"product-type-variable"},"aioseo_notices":[],"_links":{"self":[{"href":"https:\/\/catalinajewelry.pt\/en\/wp-json\/wp\/v2\/product\/19885","targetHints":{"allow":["GET"]}}],"collection":[{"href":"https:\/\/catalinajewelry.pt\/en\/wp-json\/wp\/v2\/product"}],"about":[{"href":"https:\/\/catalinajewelry.pt\/en\/wp-json\/wp\/v2\/types\/product"}],"wp:featuredmedia":[{"embeddable":true,"href":"https:\/\/catalinajewelry.pt\/en\/wp-json\/wp\/v2\/media\/19891"}],"wp:attachment":[{"href":"https:\/\/catalinajewelry.pt\/en\/wp-json\/wp\/v2\/media?parent=19885"}],"wp:term":[{"taxonomy":"product_brand","embeddable":true,"href":"https:\/\/catalinajewelry.pt\/en\/wp-json\/wp\/v2\/product_brand?post=19885"},{"taxonomy":"product_cat","embeddable":true,"href":"https:\/\/catalinajewelry.pt\/en\/wp-json\/wp\/v2\/product_cat?post=19885"},{"taxonomy":"product_tag","embeddable":true,"href":"https:\/\/catalinajewelry.pt\/en\/wp-json\/wp\/v2\/product_tag?post=19885"}],"curies":[{"name":"wp","href":"https:\/\/api.w.org\/{rel}","templated":true}]}}