{"id":19900,"date":"2025-08-07T13:38:15","date_gmt":"2025-08-07T13:38:15","guid":{"rendered":"https:\/\/catalinajewelry.pt\/?post_type=product&#038;p=19900"},"modified":"2026-04-30T09:36:56","modified_gmt":"2026-04-30T09:36:56","slug":"colar-alma-do-mar","status":"publish","type":"product","link":"https:\/\/catalinajewelry.pt\/en\/product\/colar-alma-do-mar\/","title":{"rendered":"Alma do Mar Necklace"},"content":{"rendered":"<p class=\"cvGsUA direction-ltr align-center para-style-body\" style=\"text-align: center;\"><span class=\"OYPEnA font-feature-liga-off font-feature-clig-off font-feature-calt-off text-decoration-none text-strikethrough-none\">The Alma do Mar necklace is a piece filled with meaning.\nIt combines three elements that connect with the energy of the ocean: jade stone that brings balance, harmony and good energy, freshwater pearl which is associated with health and helps reduce stress and anxiety and the sea snail which carries the cyclical and renewing strength of the tides.\nA piece of jewelry for those who want to feel the sea close by, every day.<\/span><\/p>","protected":false},"excerpt":{"rendered":"<p>O colar Alma do Mar \u00e9 um colar cheio de significado. Combina tr\u00eas elementos que se conectam com a energia do mar: a pedra jade que traz equil\u00edbrio, harmonia e boas energias, a p\u00e9rola de \u00e1gua doce que est\u00e1 associada \u00e0 sa\u00fade e ajuda na redu\u00e7\u00e3o do stress e ansiedade e o caracol do mar [&hellip;]<\/p>\n","protected":false},"featured_media":19901,"template":"","meta":{"om_disable_all_campaigns":false,"_monsterinsights_skip_tracking":false,"_monsterinsights_sitenote_active":false,"_monsterinsights_sitenote_note":"","_monsterinsights_sitenote_category":0,"_uf_show_specific_survey":0,"_uf_disable_surveys":false},"product_brand":[],"product_cat":[260,24],"product_tag":[],"class_list":{"0":"post-19900","1":"product","2":"type-product","3":"status-publish","4":"has-post-thumbnail","6":"product_cat-almar","7":"product_cat-nacklaces","9":"first","10":"instock","11":"taxable","12":"shipping-taxable","13":"purchasable","14":"product-type-variable"},"aioseo_notices":[],"_links":{"self":[{"href":"https:\/\/catalinajewelry.pt\/en\/wp-json\/wp\/v2\/product\/19900","targetHints":{"allow":["GET"]}}],"collection":[{"href":"https:\/\/catalinajewelry.pt\/en\/wp-json\/wp\/v2\/product"}],"about":[{"href":"https:\/\/catalinajewelry.pt\/en\/wp-json\/wp\/v2\/types\/product"}],"wp:featuredmedia":[{"embeddable":true,"href":"https:\/\/catalinajewelry.pt\/en\/wp-json\/wp\/v2\/media\/19901"}],"wp:attachment":[{"href":"https:\/\/catalinajewelry.pt\/en\/wp-json\/wp\/v2\/media?parent=19900"}],"wp:term":[{"taxonomy":"product_brand","embeddable":true,"href":"https:\/\/catalinajewelry.pt\/en\/wp-json\/wp\/v2\/product_brand?post=19900"},{"taxonomy":"product_cat","embeddable":true,"href":"https:\/\/catalinajewelry.pt\/en\/wp-json\/wp\/v2\/product_cat?post=19900"},{"taxonomy":"product_tag","embeddable":true,"href":"https:\/\/catalinajewelry.pt\/en\/wp-json\/wp\/v2\/product_tag?post=19900"}],"curies":[{"name":"wp","href":"https:\/\/api.w.org\/{rel}","templated":true}]}}