{"id":19944,"date":"2025-08-09T14:13:29","date_gmt":"2025-08-09T14:13:29","guid":{"rendered":"https:\/\/catalinajewelry.pt\/?post_type=product&#038;p=19944"},"modified":"2025-08-09T14:13:29","modified_gmt":"2025-08-09T14:13:29","slug":"colar-luar-marinho","status":"publish","type":"product","link":"https:\/\/catalinajewelry.pt\/en\/product\/colar-luar-marinho\/","title":{"rendered":"Luar Marinho Necklace"},"content":{"rendered":"<p style=\"text-align: center;\">The Luar Marinho necklace features a whelk representing protection and a pearl symbolizing inner light.<\/p>\n<p style=\"text-align: center;\">The pendant can be removed and worn in two different ways.<\/p>","protected":false},"excerpt":{"rendered":"<p>O colar Luar Marinho tem um b\u00fazio que representa a prote\u00e7\u00e3o e uma p\u00e9rola que simboliza a luz interior. O pendente pode ser removido e pode ser usado de duas maneiras diferentes.<\/p>","protected":false},"featured_media":19945,"template":"","meta":{"om_disable_all_campaigns":false,"_monsterinsights_skip_tracking":false,"_monsterinsights_sitenote_active":false,"_monsterinsights_sitenote_note":"","_monsterinsights_sitenote_category":0,"_uf_show_specific_survey":0,"_uf_disable_surveys":false},"product_brand":[],"product_cat":[260,24],"product_tag":[],"class_list":{"0":"post-19944","1":"product","2":"type-product","3":"status-publish","4":"has-post-thumbnail","6":"product_cat-almar","7":"product_cat-nacklaces","9":"first","10":"outofstock","11":"taxable","12":"shipping-taxable","13":"purchasable","14":"product-type-variable"},"aioseo_notices":[],"_links":{"self":[{"href":"https:\/\/catalinajewelry.pt\/en\/wp-json\/wp\/v2\/product\/19944","targetHints":{"allow":["GET"]}}],"collection":[{"href":"https:\/\/catalinajewelry.pt\/en\/wp-json\/wp\/v2\/product"}],"about":[{"href":"https:\/\/catalinajewelry.pt\/en\/wp-json\/wp\/v2\/types\/product"}],"wp:featuredmedia":[{"embeddable":true,"href":"https:\/\/catalinajewelry.pt\/en\/wp-json\/wp\/v2\/media\/19945"}],"wp:attachment":[{"href":"https:\/\/catalinajewelry.pt\/en\/wp-json\/wp\/v2\/media?parent=19944"}],"wp:term":[{"taxonomy":"product_brand","embeddable":true,"href":"https:\/\/catalinajewelry.pt\/en\/wp-json\/wp\/v2\/product_brand?post=19944"},{"taxonomy":"product_cat","embeddable":true,"href":"https:\/\/catalinajewelry.pt\/en\/wp-json\/wp\/v2\/product_cat?post=19944"},{"taxonomy":"product_tag","embeddable":true,"href":"https:\/\/catalinajewelry.pt\/en\/wp-json\/wp\/v2\/product_tag?post=19944"}],"curies":[{"name":"wp","href":"https:\/\/api.w.org\/{rel}","templated":true}]}}