{"id":19952,"date":"2025-12-18T09:27:06","date_gmt":"2025-12-18T09:27:06","guid":{"rendered":"https:\/\/catalinajewelry.pt\/?post_type=product&#038;p=19952"},"modified":"2025-12-18T09:50:52","modified_gmt":"2025-12-18T09:50:52","slug":"anel-fiorella-em-latao","status":"publish","type":"product","link":"https:\/\/catalinajewelry.pt\/en\/product\/anel-fiorella-em-latao\/","title":{"rendered":"Anel Fiorella em lat\u00e3o"},"content":{"rendered":"<p style=\"text-align: center;\">O anel Fiorella carrega a simplicidade m\u00edstica de uma flor de tr\u00eas p\u00e9talas que \u00e9 o s\u00edmbolo do equil\u00edbrio, beleza e ess\u00eancia.<\/p>\n<p style=\"text-align: center;\">O anel \u00e9 em lat\u00e3o com banho de ouro.<\/p>","protected":false},"excerpt":{"rendered":"<p>O anel Fiorella carrega a simplicidade m\u00edstica de uma flor de tr\u00eas p\u00e9talas que \u00e9 o s\u00edmbolo do equil\u00edbrio, beleza e ess\u00eancia. O anel \u00e9 em lat\u00e3o com banho de ouro.<\/p>","protected":false},"featured_media":19953,"template":"","meta":{"om_disable_all_campaigns":false,"_monsterinsights_skip_tracking":false,"_monsterinsights_sitenote_active":false,"_monsterinsights_sitenote_note":"","_monsterinsights_sitenote_category":0,"_uf_show_specific_survey":0,"_uf_disable_surveys":false},"product_brand":[],"product_cat":[23,153,332,154,150],"product_tag":[],"class_list":{"0":"post-19952","1":"product","2":"type-product","3":"status-publish","4":"has-post-thumbnail","6":"product_cat-rings","7":"product_cat-elegant","8":"product_cat-fleur","9":"product_cat-gifts60","10":"product_cat-romantic","12":"first","13":"instock","14":"taxable","15":"shipping-taxable","16":"purchasable","17":"product-type-variable"},"aioseo_notices":[],"_links":{"self":[{"href":"https:\/\/catalinajewelry.pt\/en\/wp-json\/wp\/v2\/product\/19952","targetHints":{"allow":["GET"]}}],"collection":[{"href":"https:\/\/catalinajewelry.pt\/en\/wp-json\/wp\/v2\/product"}],"about":[{"href":"https:\/\/catalinajewelry.pt\/en\/wp-json\/wp\/v2\/types\/product"}],"wp:featuredmedia":[{"embeddable":true,"href":"https:\/\/catalinajewelry.pt\/en\/wp-json\/wp\/v2\/media\/19953"}],"wp:attachment":[{"href":"https:\/\/catalinajewelry.pt\/en\/wp-json\/wp\/v2\/media?parent=19952"}],"wp:term":[{"taxonomy":"product_brand","embeddable":true,"href":"https:\/\/catalinajewelry.pt\/en\/wp-json\/wp\/v2\/product_brand?post=19952"},{"taxonomy":"product_cat","embeddable":true,"href":"https:\/\/catalinajewelry.pt\/en\/wp-json\/wp\/v2\/product_cat?post=19952"},{"taxonomy":"product_tag","embeddable":true,"href":"https:\/\/catalinajewelry.pt\/en\/wp-json\/wp\/v2\/product_tag?post=19952"}],"curies":[{"name":"wp","href":"https:\/\/api.w.org\/{rel}","templated":true}]}}